{"id":16669,"date":"2023-09-25T16:40:36","date_gmt":"2023-09-25T14:40:36","guid":{"rendered":"https:\/\/www.stex-gmbh.com\/indirme\/"},"modified":"2025-08-09T14:37:32","modified_gmt":"2025-08-09T12:37:32","slug":"indirme","status":"publish","type":"page","link":"https:\/\/www.stex-gmbh.com\/tr\/indirme\/","title":{"rendered":"\u0130ndirmeler"},"content":{"rendered":"<div data-elementor-type=\"wp-page\" data-elementor-id=\"16669\" class=\"elementor elementor-16669 elementor-2055\" data-elementor-post-type=\"page\">\n\t\t\t\t<div class=\"elementor-element elementor-element-3330849 e-flex e-con-boxed e-con e-parent\" data-id=\"3330849\" data-element_type=\"container\" data-e-type=\"container\">\n\t\t\t\t\t<div class=\"e-con-inner\">\n\t\t\t\t<div class=\"elementor-element elementor-element-34a08e3 elementor-widget elementor-widget-heading\" data-id=\"34a08e3\" data-element_type=\"widget\" data-e-type=\"widget\" data-widget_type=\"heading.default\">\n\t\t\t\t\t<h1 class=\"elementor-heading-title elementor-size-default\">\u0130ndirmeler<\/h1>\t\t\t\t<\/div>\n\t\t\t\t\t<\/div>\n\t\t\t\t<\/div>\n\t\t<div class=\"elementor-element elementor-element-f5bab2c e-flex e-con-boxed e-con e-parent\" data-id=\"f5bab2c\" data-element_type=\"container\" data-e-type=\"container\">\n\t\t\t\t\t<div class=\"e-con-inner\">\n\t\t<div class=\"elementor-element elementor-element-dbc8bcb e-flex e-con-boxed e-con e-child\" data-id=\"dbc8bcb\" data-element_type=\"container\" data-e-type=\"container\">\n\t\t\t\t\t<div class=\"e-con-inner\">\n\t\t<div class=\"elementor-element elementor-element-317cb49 e-flex e-con-boxed e-con e-child\" data-id=\"317cb49\" data-element_type=\"container\" data-e-type=\"container\">\n\t\t\t\t\t<div class=\"e-con-inner\">\n\t\t\t\t<div class=\"elementor-element elementor-element-67bb97e elementor-widget elementor-widget-heading\" data-id=\"67bb97e\" data-element_type=\"widget\" data-e-type=\"widget\" data-widget_type=\"heading.default\">\n\t\t\t\t\t<h2 class=\"elementor-heading-title elementor-size-default\">Belgeler<\/h2>\t\t\t\t<\/div>\n\t\t<div class=\"elementor-element elementor-element-d1e9e4c e-con-full e-flex e-con e-child\" data-id=\"d1e9e4c\" data-element_type=\"container\" data-e-type=\"container\">\n\t\t<div class=\"elementor-element elementor-element-bc00a1c e-flex e-con-boxed e-con e-child\" data-id=\"bc00a1c\" data-element_type=\"container\" data-e-type=\"container\">\n\t\t\t\t\t<div class=\"e-con-inner\">\n\t\t\t\t<div class=\"elementor-element elementor-element-629b6e2 jongo elementor-widget elementor-widget-html\" data-id=\"629b6e2\" data-element_type=\"widget\" data-e-type=\"widget\" data-widget_type=\"html.default\">\n\t\t\t\t\t<ul class=\"elementor-icon-list-items\">\r\n  <li class=\"elementor-icon-list-item\">\r\n    <a href=\"#\" id=\"js-download-tr-examples\">\r\n      <span class=\"elementor-icon-list-icon\"><i class=\"fas fa-download\"><\/i><\/span>\r\n      <span class=\"elementor-icon-list-text\">\u0130ndirebilir \u00f6rnekler<\/span>\r\n    <\/a>\r\n  <\/li>\r\n  <li class=\"elementor-icon-list-item\">\r\n    <a href=\"#\" id=\"js-download-tr-cmr\">\r\n      <span class=\"elementor-icon-list-icon\"><i class=\"fas fa-download\"><\/i><\/span>\r\n      <span class=\"elementor-icon-list-text\">CMR<\/span>\r\n    <\/a>\r\n  <\/li>\r\n  <li class=\"elementor-icon-list-item\">\r\n    <a href=\"#\" id=\"js-download-tr-waybill\">\r\n      <span class=\"elementor-icon-list-icon\"><i class=\"fas fa-download\"><\/i><\/span>\r\n      <span class=\"elementor-icon-list-text\">\u0130rsaliye<\/span>\r\n    <\/a>\r\n  <\/li>\r\n<\/ul>\r\n\t\t\t\t<\/div>\n\t\t\t\t<div class=\"elementor-element elementor-element-c316843 jongo elementor-widget elementor-widget-html\" data-id=\"c316843\" data-element_type=\"widget\" data-e-type=\"widget\" data-widget_type=\"html.default\">\n\t\t\t\t\t<ul class=\"elementor-icon-list-items\">\r\n  <li class=\"elementor-icon-list-item\">\r\n    <a href=\"#\" id=\"js-download-tr-insurance\">\r\n      <span class=\"elementor-icon-list-icon\"><i class=\"fas fa-download\"><\/i><\/span>\r\n      <span class=\"elementor-icon-list-text\">Sigorta onay\u0131<\/span>\r\n    <\/a>\r\n  <li class=\"elementor-icon-list-item\">\r\n    <a href=\"#\" id=\"js-download-tr-brochure\">\r\n      <span class=\"elementor-icon-list-icon\"><i class=\"fas fa-download\"><\/i><\/span>\r\n      <span class=\"elementor-icon-list-text\">STEX bilgi bro\u015f\u00fcr\u00fc<\/span>\r\n    <\/a>\r\n<\/ul>\r\n\t\t\t\t<\/div>\n\t\t\t\t\t<\/div>\n\t\t\t\t<\/div>\n\t\t\t\t<div class=\"elementor-element elementor-element-593dd38 elementor-widget elementor-widget-html\" data-id=\"593dd38\" data-element_type=\"widget\" data-e-type=\"widget\" data-widget_type=\"html.default\">\n\t\t\t\t\t<script>\r\n  document.addEventListener('DOMContentLoaded', function () {\r\n    const downloads = [\r\n      { id: 'js-download-tr-examples', file: 'stex-indirenilir-ornekler.pdf' },\r\n      { id: 'js-download-tr-cmr', file: 'stex-cmr-tr.pdf' },\r\n      { id: 'js-download-tr-waybill', file: 'stex-irsaliye.pdf' },\r\n      { id: 'js-download-tr-insurance', file: 'stex-sigorta-onayi.pdf' },\r\n      { id: 'js-download-tr-brochure', file: 'STEX_TR.pdf' }\r\n    ];\r\n\r\n    downloads.forEach(({ id, file }) => {\r\n      const el = document.getElementById(id);\r\n      if (el) {\r\n        el.addEventListener('click', function (e) {\r\n          e.preventDefault();\r\n          const link = document.createElement('a');\r\n          link.href = '\/pdf-download.php?file=' + encodeURIComponent(file);\r\n          link.download = '';\r\n          document.body.appendChild(link);\r\n          link.click();\r\n          document.body.removeChild(link);\r\n        });\r\n      }\r\n    });\r\n  });\r\n<\/script>\r\n\t\t\t\t<\/div>\n\t\t\t\t<div class=\"elementor-element elementor-element-f3d0a30 elementor-widget elementor-widget-html\" data-id=\"f3d0a30\" data-element_type=\"widget\" data-e-type=\"widget\" data-widget_type=\"html.default\">\n\t\t\t\t\t<style>\r\n  .elementor-widget.jongo .elementor-icon-list-items {\r\n    list-style: none;\r\n    margin: 0;\r\n    padding: 0;\r\n    margin: 20px 0;\r\n  }\r\n\r\n  .elementor-widget.jongo .elementor-icon-list-item {\r\n    display: flex;\r\n    align-items: center;\r\n    margin-bottom: 10px;\r\n  }\r\n\r\n  .elementor-widget.jongo .elementor-icon-list-item a {\r\n    display: flex;\r\n    align-items: center;\r\n    gap: 8px;\r\n    color: #7a7a7a;\r\n    text-decoration: none;\r\n    font-size: 1.25rem;\r\n  }\r\n\r\n  .elementor-widget.jongo .elementor-icon-list-item a:hover {\r\n    color: #7a7a7a;\r\n    text-decoration: underline;\r\n  }\r\n\r\n  .elementor-widget.jongo .elementor-icon-list-icon i {\r\n    color: #f57c00;\r\n    font-size: 1.1rem;\r\n    flex-shrink: 0;\r\n  }\r\n\r\n  .elementor-widget.jongo .elementor-icon-list-text {\r\n    color: inherit;\r\n  }\r\n<\/style>\r\n\t\t\t\t<\/div>\n\t\t\t\t<\/div>\n\t\t\t\t\t<\/div>\n\t\t\t\t<\/div>\n\t\t\t\t\t<\/div>\n\t\t\t\t<\/div>\n\t\t\t\t\t<\/div>\n\t\t\t\t<\/div>\n\t\t<div class=\"elementor-element elementor-element-ceb20cd e-con-full e-flex e-con e-parent\" data-id=\"ceb20cd\" data-element_type=\"container\" data-e-type=\"container\" data-settings=\"{&quot;background_background&quot;:&quot;classic&quot;}\">\n\t\t\t\t<div class=\"elementor-element elementor-element-ea57316 elementor-cta--skin-cover elementor-animated-content elementor-bg-transform elementor-bg-transform-zoom-in elementor-widget elementor-widget-call-to-action\" data-id=\"ea57316\" data-element_type=\"widget\" data-e-type=\"widget\" data-widget_type=\"call-to-action.default\">\n\t\t\t\t\t\t\t<a class=\"elementor-cta\" href=\"https:\/\/www.stex-gmbh.com\/de\/kontakt\/\">\n\t\t\t\t\t<div class=\"elementor-cta__bg-wrapper\">\n\t\t\t\t<div class=\"elementor-cta__bg elementor-bg\" style=\"background-image: url(https:\/\/www.stex-gmbh.com\/wp-content\/uploads\/2023\/09\/noch_fragen-1024x325.jpg);\" role=\"img\" aria-label=\"noch_fragen\"><\/div>\n\t\t\t\t<div class=\"elementor-cta__bg-overlay\"><\/div>\n\t\t\t<\/div>\n\t\t\t\t\t\t\t<div class=\"elementor-cta__content\">\n\t\t\t\t\n\t\t\t\t\t\t\t\t\t<h2 class=\"elementor-cta__title elementor-cta__content-item elementor-content-item elementor-animated-item--grow\">\n\t\t\t\t\t\tSorunuz var m\u0131?\t\t\t\t\t<\/h2>\n\t\t\t\t\n\t\t\t\t\t\t\t\t\t<div class=\"elementor-cta__description elementor-cta__content-item elementor-content-item elementor-animated-item--grow\">\n\t\t\t\t\t\tBuradan her zaman size yard\u0131mc\u0131 olmaktan mutluluk duyacak yetkin ve g\u00fcler y\u00fczl\u00fc bir nakliye uzman\u0131na ula\u015fabilirsiniz.\n\n\n\n\t\t\t\t\t<\/div>\n\t\t\t\t\n\t\t\t\t\t\t\t\t\t<div class=\"elementor-cta__button-wrapper elementor-cta__content-item elementor-content-item elementor-animated-item--grow\">\n\t\t\t\t\t<span class=\"elementor-cta__button elementor-button elementor-size-\">\n\t\t\t\t\t\t\u0130leti\u015fim\t\t\t\t\t<\/span>\n\t\t\t\t\t<\/div>\n\t\t\t\t\t\t\t<\/div>\n\t\t\t\t\t\t<\/a>\n\t\t\t\t\t\t<\/div>\n\t\t\t\t<\/div>\n\t\t\t\t<\/div>","protected":false},"excerpt":{"rendered":"<p>\u0130ndirmeler Belgeler \u0130ndirebilir \u00f6rnekler CMR \u0130rsaliye Sigorta onay\u0131 STEX bilgi bro\u015f\u00fcr\u00fc Sorunuz var m\u0131? Buradan her zaman size yard\u0131mc\u0131 olmaktan mutluluk duyacak yetkin ve g\u00fcler y\u00fczl\u00fc bir nakliye uzman\u0131na ula\u015fabilirsiniz. \u0130leti\u015fim<\/p>\n","protected":false},"author":1,"featured_media":1663,"parent":0,"menu_order":0,"comment_status":"closed","ping_status":"closed","template":"elementor_header_footer","meta":{"inline_featured_image":false,"footnotes":""},"categories":[],"tags":[],"class_list":["post-16669","page","type-page","status-publish","has-post-thumbnail","hentry"],"_links":{"self":[{"href":"https:\/\/www.stex-gmbh.com\/tr\/wp-json\/wp\/v2\/pages\/16669","targetHints":{"allow":["GET"]}}],"collection":[{"href":"https:\/\/www.stex-gmbh.com\/tr\/wp-json\/wp\/v2\/pages"}],"about":[{"href":"https:\/\/www.stex-gmbh.com\/tr\/wp-json\/wp\/v2\/types\/page"}],"author":[{"embeddable":true,"href":"https:\/\/www.stex-gmbh.com\/tr\/wp-json\/wp\/v2\/users\/1"}],"replies":[{"embeddable":true,"href":"https:\/\/www.stex-gmbh.com\/tr\/wp-json\/wp\/v2\/comments?post=16669"}],"version-history":[{"count":0,"href":"https:\/\/www.stex-gmbh.com\/tr\/wp-json\/wp\/v2\/pages\/16669\/revisions"}],"wp:featuredmedia":[{"embeddable":true,"href":"https:\/\/www.stex-gmbh.com\/tr\/wp-json\/wp\/v2\/media\/1663"}],"wp:attachment":[{"href":"https:\/\/www.stex-gmbh.com\/tr\/wp-json\/wp\/v2\/media?parent=16669"}],"wp:term":[{"taxonomy":"category","embeddable":true,"href":"https:\/\/www.stex-gmbh.com\/tr\/wp-json\/wp\/v2\/categories?post=16669"},{"taxonomy":"post_tag","embeddable":true,"href":"https:\/\/www.stex-gmbh.com\/tr\/wp-json\/wp\/v2\/tags?post=16669"}],"curies":[{"name":"wp","href":"https:\/\/api.w.org\/{rel}","templated":true}]}}