{"id":16577,"date":"2023-08-05T16:42:20","date_gmt":"2023-08-05T14:42:20","guid":{"rendered":"https:\/\/www.stex-gmbh.com\/tasima\/"},"modified":"2025-08-21T07:38:01","modified_gmt":"2025-08-21T05:38:01","slug":"tasima","status":"publish","type":"page","link":"https:\/\/www.stex-gmbh.com\/tr\/tasima\/","title":{"rendered":"Ta\u015f\u0131ma \u00c7\u00f6z\u00fcmleri"},"content":{"rendered":"<div data-elementor-type=\"wp-page\" data-elementor-id=\"16577\" class=\"elementor elementor-16577 elementor-397\" data-elementor-post-type=\"page\">\n\t\t\t\t<div class=\"elementor-element elementor-element-527dc8a e-flex e-con-boxed e-con e-parent\" data-id=\"527dc8a\" data-element_type=\"container\" data-e-type=\"container\">\n\t\t\t\t\t<div class=\"e-con-inner\">\n\t\t<div class=\"elementor-element elementor-element-bef0574 e-flex e-con-boxed e-con e-child\" data-id=\"bef0574\" data-element_type=\"container\" data-e-type=\"container\">\n\t\t\t\t\t<div class=\"e-con-inner\">\n\t\t\t\t<div class=\"elementor-element elementor-element-ba11197 elementor-widget elementor-widget-heading\" data-id=\"ba11197\" data-element_type=\"widget\" data-e-type=\"widget\" data-widget_type=\"heading.default\">\n\t\t\t\t\t<h1 class=\"elementor-heading-title elementor-size-default\">Ta\u015f\u0131ma \u00c7\u00f6z\u00fcmleri<\/h1>\t\t\t\t<\/div>\n\t\t\t\t\t<\/div>\n\t\t\t\t<\/div>\n\t\t<div class=\"elementor-element elementor-element-98fd2f2 e-flex e-con-boxed elementor-invisible e-con e-child\" data-id=\"98fd2f2\" data-element_type=\"container\" data-e-type=\"container\" data-settings=\"{&quot;animation&quot;:&quot;fadeIn&quot;}\">\n\t\t\t\t\t<div class=\"e-con-inner\">\n\t\t<a class=\"elementor-element elementor-element-047e1d9 e-flex e-con-boxed elementor-invisible e-con e-child\" data-id=\"047e1d9\" data-element_type=\"container\" data-e-type=\"container\" data-settings=\"{&quot;animation&quot;:&quot;fadeIn&quot;}\" href=\"https:\/\/www.stex-gmbh.com\/tr\/kurye-servisi\/\">\n\t\t\t\t\t<div class=\"e-con-inner\">\n\t\t\t\t<div class=\"elementor-element elementor-element-f36daf3 elementor-widget elementor-widget-image\" data-id=\"f36daf3\" data-element_type=\"widget\" data-e-type=\"widget\" data-widget_type=\"image.default\">\n\t\t\t\t\t\t\t\t\t\t\t\t\t\t\t<img fetchpriority=\"high\" decoding=\"async\" width=\"650\" height=\"400\" src=\"https:\/\/www.stex-gmbh.com\/wp-content\/uploads\/2025\/08\/courier_service-650x400px.jpg\" class=\"attachment-large size-large wp-image-24493\" alt=\"\" srcset=\"https:\/\/www.stex-gmbh.com\/wp-content\/uploads\/2025\/08\/courier_service-650x400px.jpg 650w, https:\/\/www.stex-gmbh.com\/wp-content\/uploads\/2025\/08\/courier_service-650x400px-300x185.jpg 300w\" sizes=\"(max-width: 650px) 100vw, 650px\" \/>\t\t\t\t\t\t\t\t\t\t\t\t\t\t\t<\/div>\n\t\t\t\t<div class=\"elementor-element elementor-element-83a32eb elementor-widget elementor-widget-heading\" data-id=\"83a32eb\" data-element_type=\"widget\" data-e-type=\"widget\" data-widget_type=\"heading.default\">\n\t\t\t\t\t<h2 class=\"elementor-heading-title elementor-size-default\">Kurye hizmeti<\/h2>\t\t\t\t<\/div>\n\t\t\t\t<div class=\"elementor-element elementor-element-40da35d elementor-widget elementor-widget-text-editor\" data-id=\"40da35d\" data-element_type=\"widget\" data-e-type=\"widget\" data-widget_type=\"text-editor.default\">\n\t\t\t\t\t\t\t\t\t<p>Kurye hizmetimiz, y\u00fck\u00fcn\u00fcz\u00fc teslim alma noktas\u0131ndan var\u0131\u015f noktas\u0131na ekspres h\u0131zda ta\u015f\u0131r. Avrupa \u00e7ap\u0131nda hizmet verir ve t\u00fcm end\u00fcstriler i\u00e7in uygundur.<\/p>\t\t\t\t\t\t\t\t<\/div>\n\t\t\t\t\t<\/div>\n\t\t\t\t<\/a>\n\t\t<a class=\"elementor-element elementor-element-2add6bf e-flex e-con-boxed elementor-invisible e-con e-child\" data-id=\"2add6bf\" data-element_type=\"container\" data-e-type=\"container\" data-settings=\"{&quot;animation&quot;:&quot;fadeIn&quot;}\" href=\"https:\/\/www.stex-gmbh.com\/tr\/direkt-yolculuk\/\">\n\t\t\t\t\t<div class=\"e-con-inner\">\n\t\t\t\t<div class=\"elementor-element elementor-element-9d84f13 elementor-widget elementor-widget-image\" data-id=\"9d84f13\" data-element_type=\"widget\" data-e-type=\"widget\" data-widget_type=\"image.default\">\n\t\t\t\t\t\t\t\t\t\t\t\t\t\t\t<img decoding=\"async\" width=\"650\" height=\"400\" src=\"https:\/\/www.stex-gmbh.com\/wp-content\/uploads\/2025\/08\/direct_trip-650x400px.jpg\" class=\"attachment-large size-large wp-image-24498\" alt=\"\" srcset=\"https:\/\/www.stex-gmbh.com\/wp-content\/uploads\/2025\/08\/direct_trip-650x400px.jpg 650w, https:\/\/www.stex-gmbh.com\/wp-content\/uploads\/2025\/08\/direct_trip-650x400px-300x185.jpg 300w\" sizes=\"(max-width: 650px) 100vw, 650px\" \/>\t\t\t\t\t\t\t\t\t\t\t\t\t\t\t<\/div>\n\t\t\t\t<div class=\"elementor-element elementor-element-b405da0 elementor-widget elementor-widget-heading\" data-id=\"b405da0\" data-element_type=\"widget\" data-e-type=\"widget\" data-widget_type=\"heading.default\">\n\t\t\t\t\t<h2 class=\"elementor-heading-title elementor-size-default\">Do\u011frudan sefer<\/h2>\t\t\t\t<\/div>\n\t\t\t\t<div class=\"elementor-element elementor-element-cf6ca9c elementor-widget elementor-widget-text-editor\" data-id=\"cf6ca9c\" data-element_type=\"widget\" data-e-type=\"widget\" data-widget_type=\"text-editor.default\">\n\t\t\t\t\t\t\t\t\t<p>Do\u011frudan sefer nedir? Normal bir nakliye \u015firketine k\u0131yasla do\u011frudan sefer yapman\u0131n avantajlar\u0131n\u0131 a\u00e7\u0131klayaca\u011f\u0131z. Bize hemen buradan bir do\u011frudan sefer g\u00f6revi verebilirsiniz.<\/p>\t\t\t\t\t\t\t\t<\/div>\n\t\t\t\t\t<\/div>\n\t\t\t\t<\/a>\n\t\t<a class=\"elementor-element elementor-element-b4783b7 e-flex e-con-boxed elementor-invisible e-con e-child\" data-id=\"b4783b7\" data-element_type=\"container\" data-e-type=\"container\" data-settings=\"{&quot;animation&quot;:&quot;fadeIn&quot;}\" href=\"https:\/\/www.stex-gmbh.com\/tr\/kamyon-tasimaciligi\/\">\n\t\t\t\t\t<div class=\"e-con-inner\">\n\t\t\t\t<div class=\"elementor-element elementor-element-cddbc4c elementor-widget elementor-widget-image\" data-id=\"cddbc4c\" data-element_type=\"widget\" data-e-type=\"widget\" data-widget_type=\"image.default\">\n\t\t\t\t\t\t\t\t\t\t\t\t\t\t\t<img decoding=\"async\" width=\"650\" height=\"400\" src=\"https:\/\/www.stex-gmbh.com\/wp-content\/uploads\/2025\/08\/truck_transport-650x400px.jpg\" class=\"attachment-large size-large wp-image-24513\" alt=\"\" srcset=\"https:\/\/www.stex-gmbh.com\/wp-content\/uploads\/2025\/08\/truck_transport-650x400px.jpg 650w, https:\/\/www.stex-gmbh.com\/wp-content\/uploads\/2025\/08\/truck_transport-650x400px-300x185.jpg 300w\" sizes=\"(max-width: 650px) 100vw, 650px\" \/>\t\t\t\t\t\t\t\t\t\t\t\t\t\t\t<\/div>\n\t\t\t\t<div class=\"elementor-element elementor-element-bd5e798 elementor-widget elementor-widget-heading\" data-id=\"bd5e798\" data-element_type=\"widget\" data-e-type=\"widget\" data-widget_type=\"heading.default\">\n\t\t\t\t\t<h2 class=\"elementor-heading-title elementor-size-default\">Kamyonla ta\u015f\u0131ma<\/h2>\t\t\t\t<\/div>\n\t\t\t\t<div class=\"elementor-element elementor-element-ff3ccd1 elementor-widget elementor-widget-text-editor\" data-id=\"ff3ccd1\" data-element_type=\"widget\" data-e-type=\"widget\" data-widget_type=\"text-editor.default\">\n\t\t\t\t\t\t\t\t\t<p>7,5 tonluk bir kamyona m\u0131 ihtiya\u00e7 var? STEX bu konuda yard\u0131mc\u0131 olur! Talep \u00fczerine mallar\u0131n\u0131z\u0131 hemen teslim alarak Avrupa \u00e7ap\u0131nda kamyonla ta\u015f\u0131ma hizmeti sunuyoruz. Buna bir\u00e7ok rezerve edilebilir se\u00e7enek de dahil.<br \/><br \/><\/p>\t\t\t\t\t\t\t\t<\/div>\n\t\t\t\t\t<\/div>\n\t\t\t\t<\/a>\n\t\t<a class=\"elementor-element elementor-element-0f8b3c8 e-flex e-con-boxed elementor-invisible e-con e-child\" data-id=\"0f8b3c8\" data-element_type=\"container\" data-e-type=\"container\" data-settings=\"{&quot;animation&quot;:&quot;fadeIn&quot;}\" href=\"https:\/\/www.stex-gmbh.com\/tr\/iletme\/\">\n\t\t\t\t\t<div class=\"e-con-inner\">\n\t\t\t\t<div class=\"elementor-element elementor-element-ada5cd9 elementor-widget elementor-widget-image\" data-id=\"ada5cd9\" data-element_type=\"widget\" data-e-type=\"widget\" data-widget_type=\"image.default\">\n\t\t\t\t\t\t\t\t\t\t\t\t\t\t\t<img loading=\"lazy\" decoding=\"async\" width=\"650\" height=\"400\" src=\"https:\/\/www.stex-gmbh.com\/wp-content\/uploads\/2025\/08\/express_spedition-650x400px.jpg\" class=\"attachment-large size-large wp-image-24503\" alt=\"\" srcset=\"https:\/\/www.stex-gmbh.com\/wp-content\/uploads\/2025\/08\/express_spedition-650x400px.jpg 650w, https:\/\/www.stex-gmbh.com\/wp-content\/uploads\/2025\/08\/express_spedition-650x400px-300x185.jpg 300w\" sizes=\"(max-width: 650px) 100vw, 650px\" \/>\t\t\t\t\t\t\t\t\t\t\t\t\t\t\t<\/div>\n\t\t\t\t<div class=\"elementor-element elementor-element-d7e05ee elementor-widget elementor-widget-heading\" data-id=\"d7e05ee\" data-element_type=\"widget\" data-e-type=\"widget\" data-widget_type=\"heading.default\">\n\t\t\t\t\t<h2 class=\"elementor-heading-title elementor-size-default\">Nakliyat<\/h2>\t\t\t\t<\/div>\n\t\t\t\t<div class=\"elementor-element elementor-element-135542d elementor-widget elementor-widget-text-editor\" data-id=\"135542d\" data-element_type=\"widget\" data-e-type=\"widget\" data-widget_type=\"text-editor.default\">\n\t\t\t\t\t\t\t\t\t<p>STEX Ta\u015f\u0131mac\u0131l\u0131k ile ba\u015ftan a\u015fa\u011f\u0131 sorunsuz bir hizmet paketi al\u0131rs\u0131n\u0131z. Kargonuz i\u00e7in an\u0131nda \u00e7a\u011fr\u0131labilir 7.000 arac\u0131m\u0131z mevcuttur. Ulusal. Uluslararas\u0131. Ve talep \u00fczerine ekspres de olarak.<br \/><br \/><\/p>\t\t\t\t\t\t\t\t<\/div>\n\t\t\t\t\t<\/div>\n\t\t\t\t<\/a>\n\t\t\t\t\t<\/div>\n\t\t\t\t<\/div>\n\t\t<div class=\"elementor-element elementor-element-b25e8cc e-flex e-con-boxed elementor-invisible e-con e-child\" data-id=\"b25e8cc\" data-element_type=\"container\" data-e-type=\"container\" data-settings=\"{&quot;animation&quot;:&quot;fadeIn&quot;}\">\n\t\t\t\t\t<div class=\"e-con-inner\">\n\t\t<a class=\"elementor-element elementor-element-886245a e-flex e-con-boxed elementor-invisible e-con e-child\" data-id=\"886245a\" data-element_type=\"container\" data-e-type=\"container\" data-settings=\"{&quot;animation&quot;:&quot;fadeIn&quot;}\" href=\"https:\/\/www.stex-gmbh.com\/tr\/belden-kirmali-kamyon\/\">\n\t\t\t\t\t<div class=\"e-con-inner\">\n\t\t\t\t<div class=\"elementor-element elementor-element-8e39776 elementor-widget elementor-widget-image\" data-id=\"8e39776\" data-element_type=\"widget\" data-e-type=\"widget\" data-widget_type=\"image.default\">\n\t\t\t\t\t\t\t\t\t\t\t\t\t\t\t<img loading=\"lazy\" decoding=\"async\" width=\"650\" height=\"400\" src=\"https:\/\/www.stex-gmbh.com\/wp-content\/uploads\/2025\/08\/semi_trailer_truck-650x400px.jpg\" class=\"attachment-large size-large wp-image-24518\" alt=\"\" srcset=\"https:\/\/www.stex-gmbh.com\/wp-content\/uploads\/2025\/08\/semi_trailer_truck-650x400px.jpg 650w, https:\/\/www.stex-gmbh.com\/wp-content\/uploads\/2025\/08\/semi_trailer_truck-650x400px-300x185.jpg 300w\" sizes=\"(max-width: 650px) 100vw, 650px\" \/>\t\t\t\t\t\t\t\t\t\t\t\t\t\t\t<\/div>\n\t\t\t\t<div class=\"elementor-element elementor-element-4d7aba9 elementor-widget elementor-widget-heading\" data-id=\"4d7aba9\" data-element_type=\"widget\" data-e-type=\"widget\" data-widget_type=\"heading.default\">\n\t\t\t\t\t<h2 class=\"elementor-heading-title elementor-size-default\">R\u00f6mork \u00e7ekici<\/h2>\t\t\t\t<\/div>\n\t\t\t\t<div class=\"elementor-element elementor-element-e0bc004 elementor-widget elementor-widget-text-editor\" data-id=\"e0bc004\" data-element_type=\"widget\" data-e-type=\"widget\" data-widget_type=\"text-editor.default\">\n\t\t\t\t\t\t\t\t\t<p>STEX, m\u00fc\u015fterilerine r\u00f6mork \u00e7ekici makinelerine eri\u015fim imkan\u0131 sunmaktad\u0131r. R\u00f6mork \u00e7ekicimiz, 1.360\u00d7245\u00d7270 cm y\u00fckleme alan\u0131 ve 25,5 tona kadar ta\u015f\u0131ma kapasitesi ile maksimum konfor sunar.<\/p>\t\t\t\t\t\t\t\t<\/div>\n\t\t\t\t\t<\/div>\n\t\t\t\t<\/a>\n\t\t<a class=\"elementor-element elementor-element-5bf289e e-flex e-con-boxed elementor-invisible e-con e-child\" data-id=\"5bf289e\" data-element_type=\"container\" data-e-type=\"container\" data-settings=\"{&quot;animation&quot;:&quot;fadeIn&quot;}\" href=\"https:\/\/www.stex-gmbh.com\/tr\/tehlikeli-maddelerin-tasinmasi\/\">\n\t\t\t\t\t<div class=\"e-con-inner\">\n\t\t\t\t<div class=\"elementor-element elementor-element-9e764a4 elementor-widget elementor-widget-image\" data-id=\"9e764a4\" data-element_type=\"widget\" data-e-type=\"widget\" data-widget_type=\"image.default\">\n\t\t\t\t\t\t\t\t\t\t\t\t\t\t\t<img loading=\"lazy\" decoding=\"async\" width=\"650\" height=\"400\" src=\"https:\/\/www.stex-gmbh.com\/wp-content\/uploads\/2023\/08\/gefahrguttransport_650x400px.jpg\" class=\"attachment-large size-large wp-image-16589\" alt=\"\" srcset=\"https:\/\/www.stex-gmbh.com\/wp-content\/uploads\/2023\/08\/gefahrguttransport_650x400px.jpg 650w, https:\/\/www.stex-gmbh.com\/wp-content\/uploads\/2023\/08\/gefahrguttransport_650x400px-300x185.jpg 300w\" sizes=\"(max-width: 650px) 100vw, 650px\" \/>\t\t\t\t\t\t\t\t\t\t\t\t\t\t\t<\/div>\n\t\t\t\t<div class=\"elementor-element elementor-element-612f834 elementor-widget elementor-widget-heading\" data-id=\"612f834\" data-element_type=\"widget\" data-e-type=\"widget\" data-widget_type=\"heading.default\">\n\t\t\t\t\t<h2 class=\"elementor-heading-title elementor-size-default\">Tehlikeli maddelerin ta\u015f\u0131nmas\u0131<\/h2>\t\t\t\t<\/div>\n\t\t\t\t<div class=\"elementor-element elementor-element-4b96176 elementor-widget elementor-widget-text-editor\" data-id=\"4b96176\" data-element_type=\"widget\" data-e-type=\"widget\" data-widget_type=\"text-editor.default\">\n\t\t\t\t\t\t\t\t\t<p>STEX tehlikeli madde ta\u015f\u0131mac\u0131l\u0131\u011f\u0131, 1000 puan\u0131n alt\u0131ndaki ve \u00fczerindeki t\u00fcm tehlikeli madde ve s\u0131n\u0131rl\u0131 miktar (SM) nakliyat\u0131nda emniyetli, g\u00fcvenilir ve hesapl\u0131 bir \u00e7\u00f6z\u00fcmd\u00fcr.<\/p>\t\t\t\t\t\t\t\t<\/div>\n\t\t\t\t\t<\/div>\n\t\t\t\t<\/a>\n\t\t<a class=\"elementor-element elementor-element-dc85dbe e-flex e-con-boxed elementor-invisible e-con e-child\" data-id=\"dc85dbe\" data-element_type=\"container\" data-e-type=\"container\" data-settings=\"{&quot;animation&quot;:&quot;fadeIn&quot;}\" href=\"https:\/\/www.stex-gmbh.com\/tr\/frigorifik-tasimacilik\/\">\n\t\t\t\t\t<div class=\"e-con-inner\">\n\t\t\t\t<div class=\"elementor-element elementor-element-7aab09d elementor-widget elementor-widget-image\" data-id=\"7aab09d\" data-element_type=\"widget\" data-e-type=\"widget\" data-widget_type=\"image.default\">\n\t\t\t\t\t\t\t\t\t\t\t\t\t\t\t<img loading=\"lazy\" decoding=\"async\" width=\"650\" height=\"400\" src=\"https:\/\/www.stex-gmbh.com\/wp-content\/uploads\/2025\/08\/refrigerated_transport-650x400px.jpg\" class=\"attachment-large size-large wp-image-24508\" alt=\"\" srcset=\"https:\/\/www.stex-gmbh.com\/wp-content\/uploads\/2025\/08\/refrigerated_transport-650x400px.jpg 650w, https:\/\/www.stex-gmbh.com\/wp-content\/uploads\/2025\/08\/refrigerated_transport-650x400px-300x185.jpg 300w\" sizes=\"(max-width: 650px) 100vw, 650px\" \/>\t\t\t\t\t\t\t\t\t\t\t\t\t\t\t<\/div>\n\t\t\t\t<div class=\"elementor-element elementor-element-49e6bbd elementor-widget elementor-widget-heading\" data-id=\"49e6bbd\" data-element_type=\"widget\" data-e-type=\"widget\" data-widget_type=\"heading.default\">\n\t\t\t\t\t<h2 class=\"elementor-heading-title elementor-size-default\">So\u011futmal\u0131 ta\u015f\u0131ma<\/h2>\t\t\t\t<\/div>\n\t\t\t\t<div class=\"elementor-element elementor-element-5fb224d elementor-widget elementor-widget-text-editor\" data-id=\"5fb224d\" data-element_type=\"widget\" data-e-type=\"widget\" data-widget_type=\"text-editor.default\">\n\t\t\t\t\t\t\t\t\t<p>So\u011futuculu bir minib\u00fcs kiralamak veya mallar\u0131n\u0131z\u0131 ve y\u00fcklerinizi tutanak tutularak ve tam zaman\u0131nda var\u0131\u015f noktas\u0131na emniyetli ve g\u00fcvenilir bir \u015fekilde getiren so\u011futuculu bir ta\u015f\u0131ma hizmeti ayarlamak ister misiniz? STEX Ekspres so\u011futmal\u0131 nakliyat sizin i\u00e7in en uygun \u00e7\u00f6z\u00fcmd\u00fcr.<\/p>\t\t\t\t\t\t\t\t<\/div>\n\t\t\t\t\t<\/div>\n\t\t\t\t<\/a>\n\t\t\t\t\t<\/div>\n\t\t\t\t<\/div>\n\t\t<div class=\"elementor-element elementor-element-f4d9f59 e-con-full e-flex elementor-invisible e-con e-child\" data-id=\"f4d9f59\" data-element_type=\"container\" data-e-type=\"container\" data-settings=\"{&quot;animation&quot;:&quot;fadeIn&quot;}\">\n\t\t<a class=\"elementor-element elementor-element-87c8a3b e-flex e-con-boxed elementor-invisible e-con e-child\" data-id=\"87c8a3b\" data-element_type=\"container\" data-e-type=\"container\" data-settings=\"{&quot;animation&quot;:&quot;fadeIn&quot;}\" href=\"https:\/\/www.stex-gmbh.com\/tr\/oezel-tasima\/\">\n\t\t\t\t\t<div class=\"e-con-inner\">\n\t\t\t\t<div class=\"elementor-element elementor-element-1bf290d elementor-widget elementor-widget-image\" data-id=\"1bf290d\" data-element_type=\"widget\" data-e-type=\"widget\" data-widget_type=\"image.default\">\n\t\t\t\t\t\t\t\t\t\t\t\t\t\t\t<img loading=\"lazy\" decoding=\"async\" width=\"650\" height=\"400\" src=\"https:\/\/www.stex-gmbh.com\/wp-content\/uploads\/2025\/08\/semi_trailer_truck-650x400px.jpg\" class=\"attachment-large size-large wp-image-24518\" alt=\"\" srcset=\"https:\/\/www.stex-gmbh.com\/wp-content\/uploads\/2025\/08\/semi_trailer_truck-650x400px.jpg 650w, https:\/\/www.stex-gmbh.com\/wp-content\/uploads\/2025\/08\/semi_trailer_truck-650x400px-300x185.jpg 300w\" sizes=\"(max-width: 650px) 100vw, 650px\" \/>\t\t\t\t\t\t\t\t\t\t\t\t\t\t\t<\/div>\n\t\t\t\t<div class=\"elementor-element elementor-element-95b6f41 elementor-widget elementor-widget-heading\" data-id=\"95b6f41\" data-element_type=\"widget\" data-e-type=\"widget\" data-widget_type=\"heading.default\">\n\t\t\t\t\t<h2 class=\"elementor-heading-title elementor-size-default\">\u00d6zel ta\u015f\u0131ma<\/h2>\t\t\t\t<\/div>\n\t\t\t\t<div class=\"elementor-element elementor-element-8433ba1 elementor-widget elementor-widget-text-editor\" data-id=\"8433ba1\" data-element_type=\"widget\" data-e-type=\"widget\" data-widget_type=\"text-editor.default\">\n\t\t\t\t\t\t\t\t\t<p>\u00d6zel ta\u015f\u0131ma bizim i\u00e7in g\u00fcnl\u00fck hayat\u0131n bir par\u00e7as\u0131. B\u00fcy\u00fck y\u00fckler, hacimli mallar, acil g\u00f6nderilmesi gereken mallar. Fiyat hesaplay\u0131c\u0131m\u0131z sabit toplam masraflar\u0131n\u0131 \u00f6nceden hesaplayarak g\u00fcvenli planlama imkan\u0131 sunar.<\/p>\t\t\t\t\t\t\t\t<\/div>\n\t\t\t\t\t<\/div>\n\t\t\t\t<\/a>\n\t\t<a class=\"elementor-element elementor-element-0c60093 e-con-full e-flex elementor-invisible e-con e-child\" data-id=\"0c60093\" data-element_type=\"container\" data-e-type=\"container\" data-settings=\"{&quot;animation&quot;:&quot;fadeIn&quot;}\" href=\"https:\/\/www.stex-gmbh.com\/tr\/ekspres-tasima-kurye\/\">\n\t\t\t\t<div class=\"elementor-element elementor-element-3e97d64 elementor-widget elementor-widget-image\" data-id=\"3e97d64\" data-element_type=\"widget\" data-e-type=\"widget\" data-widget_type=\"image.default\">\n\t\t\t\t\t\t\t\t\t\t\t\t\t\t\t<img loading=\"lazy\" decoding=\"async\" width=\"650\" height=\"400\" src=\"https:\/\/www.stex-gmbh.com\/wp-content\/uploads\/2023\/08\/express-transport_650x400px.jpg\" class=\"attachment-large size-large wp-image-16591\" alt=\"\" srcset=\"https:\/\/www.stex-gmbh.com\/wp-content\/uploads\/2023\/08\/express-transport_650x400px.jpg 650w, https:\/\/www.stex-gmbh.com\/wp-content\/uploads\/2023\/08\/express-transport_650x400px-300x185.jpg 300w\" sizes=\"(max-width: 650px) 100vw, 650px\" \/>\t\t\t\t\t\t\t\t\t\t\t\t\t\t\t<\/div>\n\t\t\t\t<div class=\"elementor-element elementor-element-49b7d4f elementor-widget elementor-widget-heading\" data-id=\"49b7d4f\" data-element_type=\"widget\" data-e-type=\"widget\" data-widget_type=\"heading.default\">\n\t\t\t\t\t<h2 class=\"elementor-heading-title elementor-size-default\">Ekspres ta\u015f\u0131ma<\/h2>\t\t\t\t<\/div>\n\t\t\t\t<div class=\"elementor-element elementor-element-5a71d45 elementor-widget elementor-widget-text-editor\" data-id=\"5a71d45\" data-element_type=\"widget\" data-e-type=\"widget\" data-widget_type=\"text-editor.default\">\n\t\t\t\t\t\t\t\t\t<p>Ekspres ta\u015f\u0131ma hizmetimiz, ekspres \u015fof\u00f6r\u00fcm\u00fcz yola \u00e7\u0131kmadan \u00f6nce toplam masraflar\u0131n\u0131z\u0131n tam bir hesaplamas\u0131n\u0131 sunar. Bu ama\u00e7la, yenilik\u00e7i ekspres nakliye maliyeti fiyat hesaplay\u0131c\u0131m\u0131z \u00e7evrim i\u00e7i olarak hizmetinizdedir.<\/p>\t\t\t\t\t\t\t\t<\/div>\n\t\t\t\t<\/a>\n\t\t\t\t<\/div>\n\t\t\t\t\t<\/div>\n\t\t\t\t<\/div>\n\t\t\t\t<\/div>","protected":false},"excerpt":{"rendered":"<p>Ta\u015f\u0131ma \u00c7\u00f6z\u00fcmleri Kurye hizmeti Kurye hizmetimiz, y\u00fck\u00fcn\u00fcz\u00fc teslim alma noktas\u0131ndan var\u0131\u015f noktas\u0131na ekspres h\u0131zda ta\u015f\u0131r. Avrupa \u00e7ap\u0131nda hizmet verir ve t\u00fcm end\u00fcstriler i\u00e7in uygundur. Do\u011frudan sefer Do\u011frudan sefer nedir? Normal bir nakliye \u015firketine k\u0131yasla do\u011frudan sefer yapman\u0131n avantajlar\u0131n\u0131 a\u00e7\u0131klayaca\u011f\u0131z. Bize hemen buradan bir do\u011frudan sefer g\u00f6revi verebilirsiniz. Kamyonla ta\u015f\u0131ma 7,5 tonluk bir kamyona m\u0131 ihtiya\u00e7 [&hellip;]<\/p>\n","protected":false},"author":1,"featured_media":1663,"parent":0,"menu_order":0,"comment_status":"closed","ping_status":"closed","template":"elementor_header_footer","meta":{"inline_featured_image":false,"footnotes":""},"categories":[],"tags":[],"class_list":["post-16577","page","type-page","status-publish","has-post-thumbnail","hentry"],"_links":{"self":[{"href":"https:\/\/www.stex-gmbh.com\/tr\/wp-json\/wp\/v2\/pages\/16577","targetHints":{"allow":["GET"]}}],"collection":[{"href":"https:\/\/www.stex-gmbh.com\/tr\/wp-json\/wp\/v2\/pages"}],"about":[{"href":"https:\/\/www.stex-gmbh.com\/tr\/wp-json\/wp\/v2\/types\/page"}],"author":[{"embeddable":true,"href":"https:\/\/www.stex-gmbh.com\/tr\/wp-json\/wp\/v2\/users\/1"}],"replies":[{"embeddable":true,"href":"https:\/\/www.stex-gmbh.com\/tr\/wp-json\/wp\/v2\/comments?post=16577"}],"version-history":[{"count":0,"href":"https:\/\/www.stex-gmbh.com\/tr\/wp-json\/wp\/v2\/pages\/16577\/revisions"}],"wp:featuredmedia":[{"embeddable":true,"href":"https:\/\/www.stex-gmbh.com\/tr\/wp-json\/wp\/v2\/media\/1663"}],"wp:attachment":[{"href":"https:\/\/www.stex-gmbh.com\/tr\/wp-json\/wp\/v2\/media?parent=16577"}],"wp:term":[{"taxonomy":"category","embeddable":true,"href":"https:\/\/www.stex-gmbh.com\/tr\/wp-json\/wp\/v2\/categories?post=16577"},{"taxonomy":"post_tag","embeddable":true,"href":"https:\/\/www.stex-gmbh.com\/tr\/wp-json\/wp\/v2\/tags?post=16577"}],"curies":[{"name":"wp","href":"https:\/\/api.w.org\/{rel}","templated":true}]}}