{"id":15112,"date":"2023-09-29T15:28:57","date_gmt":"2023-09-29T13:28:57","guid":{"rendered":"https:\/\/www.stex-gmbh.com\/kuenye\/"},"modified":"2025-04-17T11:02:03","modified_gmt":"2025-04-17T09:02:03","slug":"kuenye","status":"publish","type":"page","link":"https:\/\/www.stex-gmbh.com\/tr\/kuenye\/","title":{"rendered":"K\u00fcnye"},"content":{"rendered":"<div data-elementor-type=\"wp-page\" data-elementor-id=\"15112\" class=\"elementor elementor-15112 elementor-3172\" data-elementor-post-type=\"page\">\n\t\t\t\t<div class=\"elementor-element elementor-element-76296f7 e-flex e-con-boxed e-con e-parent\" data-id=\"76296f7\" data-element_type=\"container\" data-e-type=\"container\">\n\t\t\t\t\t<div class=\"e-con-inner\">\n\t\t\t\t<div class=\"elementor-element elementor-element-73c6ded elementor-widget elementor-widget-heading\" data-id=\"73c6ded\" data-element_type=\"widget\" data-e-type=\"widget\" data-widget_type=\"heading.default\">\n\t\t\t\t\t<h1 class=\"elementor-heading-title elementor-size-default\">K\u00fcnye<\/h1>\t\t\t\t<\/div>\n\t\t\t\t\t<\/div>\n\t\t\t\t<\/div>\n\t\t<div class=\"elementor-element elementor-element-efee4ba e-flex e-con-boxed e-con e-parent\" data-id=\"efee4ba\" data-element_type=\"container\" data-e-type=\"container\">\n\t\t\t\t\t<div class=\"e-con-inner\">\n\t\t\t\t<div class=\"elementor-element elementor-element-f989e2b elementor-widget elementor-widget-text-editor\" data-id=\"f989e2b\" data-element_type=\"widget\" data-e-type=\"widget\" data-widget_type=\"text-editor.default\">\n\t\t\t\t\t\t\t\t\t<p>STEX GmbH<br>Schnellerstra\u00dfe 60<br>12439 Berlin<\/p>\n<p>Charlottenburg B\u00f6lge Mahkemesi (Berlin) HRB 270108 B<br>KDV numaras\u0131: DE311162674<\/p>\n<p>\u00a75 Telemediengesetz&#8217;e g\u00f6re i\u00e7erikten sorumlu: Tobias Hofer<br>Genel M\u00fcd\u00fcr: Lothar Ludwig Hasselbach<br>Tel: <a href=\"tel:+498001127839\">0800 112 7839<\/a> (Almanya)<br>Telefon: <a href=\"tel:+4930235915700\">+49 30 235 9157 00<\/a>  (Uluslararas\u0131)<br>Posta: <a href=\"mailto:dispo@stex-gmbh.com\">dispo@stex-gmbh.com<\/a><\/p>\n<h2>Feragatname<\/h2>\n<h3>\u0130\u00e7erik sorumlulu\u011fu<\/h3>\n<p>Bir hizmet sa\u011flay\u0131c\u0131 olarak, genel yasalara uygun olarak \u00a7 7 paragraf 1 TMG uyar\u0131nca bu sayfalardaki kendi i\u00e7eri\u011fimizden sorumluyuz. Bununla birlikte, \u00a7\u00a7 8 ila 10 TMG&#8217;ye g\u00f6re, bir hizmet sa\u011flay\u0131c\u0131 olarak, iletilen veya saklanan \u00fc\u00e7\u00fcnc\u00fc taraf bilgilerini izlemek veya yasa d\u0131\u015f\u0131 faaliyet g\u00f6steren durumlar\u0131 ara\u015ft\u0131rmak zorunda de\u011filiz.  <\/p>\n<p>Genel yasalar uyar\u0131nca bilgilerin kullan\u0131m\u0131n\u0131 kald\u0131rma veya engelleme y\u00fck\u00fcml\u00fcl\u00fckleri bundan etkilenmez. Bununla birlikte, bu konudaki sorumluluk ancak belirli bir yasa ihlalinin \u00f6\u011frenildi\u011fi andan itibaren m\u00fcmk\u00fcnd\u00fcr. Bu t\u00fcr ihlallerin fark\u0131na var\u0131rsak, bu i\u00e7eri\u011fi derhal kald\u0131raca\u011f\u0131z.  <\/p>\n<h3>Ba\u011flant\u0131lar i\u00e7in sorumluluk<\/h3>\n<p>Teklifimiz, i\u00e7eri\u011fi \u00fczerinde hi\u00e7bir etkimiz olmayan \u00fc\u00e7\u00fcnc\u00fc taraflar\u0131n harici web sitelerine ba\u011flant\u0131lar i\u00e7erir. Bu nedenle, bu \u00fc\u00e7\u00fcnc\u00fc taraf i\u00e7eri\u011fi i\u00e7in herhangi bir sorumluluk kabul edemeyiz. Ba\u011flant\u0131l\u0131 sayfalar\u0131n i\u00e7eri\u011finden her zaman sayfalar\u0131n ilgili sa\u011flay\u0131c\u0131s\u0131 veya operat\u00f6r\u00fc sorumludur. Ba\u011flant\u0131l\u0131 sayfalar, ba\u011flant\u0131 s\u0131ras\u0131nda olas\u0131 yasa ihlallerine kar\u015f\u0131 kontrol edildi. Yasa d\u0131\u015f\u0131 i\u00e7erik, ba\u011flant\u0131 s\u0131ras\u0131nda tan\u0131nmad\u0131.    <\/p>\n<p>Bununla birlikte, ba\u011flant\u0131l\u0131 sayfalar\u0131n i\u00e7eri\u011finin kal\u0131c\u0131 olarak kontrol edilmesi, yasalar\u0131n ihlal edildi\u011fine dair somut g\u00f6stergeler olmadan makul de\u011fildir. Herhangi bir yasa ihlalinin fark\u0131na var\u0131rsak, bu t\u00fcr ba\u011flant\u0131lar\u0131 derhal kald\u0131raca\u011f\u0131z. <\/p>\n<h3>Telif hakk\u0131<\/h3>\n<p>Site operat\u00f6rleri taraf\u0131ndan olu\u015fturulan bu sayfalardaki i\u00e7erik ve eserler Alman telif hakk\u0131 yasas\u0131na tabidir. Telif hakk\u0131 yasas\u0131n\u0131n s\u0131n\u0131rlar\u0131 d\u0131\u015f\u0131nda \u00e7o\u011faltma, d\u00fczenleme, da\u011f\u0131t\u0131m ve her t\u00fcrl\u00fc s\u00f6m\u00fcr\u00fc, ilgili yazar\u0131n veya yarat\u0131c\u0131n\u0131n yaz\u0131l\u0131 onay\u0131n\u0131 gerektirir. Bu sitenin indirilmesine ve kopyalanmas\u0131na yaln\u0131zca \u00f6zel, ticari olmayan kullan\u0131m i\u00e7in izin verilir. Bu sayfadaki i\u00e7erik operat\u00f6r taraf\u0131ndan olu\u015fturulmad\u0131\u011f\u0131 s\u00fcrece, \u00fc\u00e7\u00fcnc\u00fc \u015fah\u0131slar\u0131n telif haklar\u0131 g\u00f6zetilir. \u00d6zellikle, \u00fc\u00e7\u00fcnc\u00fc taraf i\u00e7eri\u011fi bu \u015fekilde i\u015faretlenmi\u015ftir. Yine de bir telif hakk\u0131 ihlalinin fark\u0131na var\u0131rsan\u0131z, bizi buna g\u00f6re bilgilendirmenizi rica ederiz. Herhangi bir ihlalin fark\u0131na var\u0131rsak, bu t\u00fcr i\u00e7eri\u011fi derhal kald\u0131raca\u011f\u0131z.      <\/p>\t\t\t\t\t\t\t\t<\/div>\n\t\t\t\t\t<\/div>\n\t\t\t\t<\/div>\n\t\t\t\t<\/div>","protected":false},"excerpt":{"rendered":"<p>K\u00fcnye STEX GmbHSchnellerstra\u00dfe 6012439 Berlin Charlottenburg B\u00f6lge Mahkemesi (Berlin) HRB 270108 BKDV numaras\u0131: DE311162674 \u00a75 Telemediengesetz&#8217;e g\u00f6re i\u00e7erikten sorumlu: Tobias HoferGenel M\u00fcd\u00fcr: Lothar Ludwig HasselbachTel: 0800 112 7839 (Almanya)Telefon: +49 30 235 9157 00 (Uluslararas\u0131)Posta: dispo@stex-gmbh.com Feragatname \u0130\u00e7erik sorumlulu\u011fu Bir hizmet sa\u011flay\u0131c\u0131 olarak, genel yasalara uygun olarak \u00a7 7 paragraf 1 TMG uyar\u0131nca bu sayfalardaki [&hellip;]<\/p>\n","protected":false},"author":1,"featured_media":1663,"parent":0,"menu_order":0,"comment_status":"closed","ping_status":"closed","template":"elementor_header_footer","meta":{"inline_featured_image":false,"footnotes":""},"categories":[],"tags":[],"class_list":["post-15112","page","type-page","status-publish","has-post-thumbnail","hentry"],"_links":{"self":[{"href":"https:\/\/www.stex-gmbh.com\/tr\/wp-json\/wp\/v2\/pages\/15112","targetHints":{"allow":["GET"]}}],"collection":[{"href":"https:\/\/www.stex-gmbh.com\/tr\/wp-json\/wp\/v2\/pages"}],"about":[{"href":"https:\/\/www.stex-gmbh.com\/tr\/wp-json\/wp\/v2\/types\/page"}],"author":[{"embeddable":true,"href":"https:\/\/www.stex-gmbh.com\/tr\/wp-json\/wp\/v2\/users\/1"}],"replies":[{"embeddable":true,"href":"https:\/\/www.stex-gmbh.com\/tr\/wp-json\/wp\/v2\/comments?post=15112"}],"version-history":[{"count":0,"href":"https:\/\/www.stex-gmbh.com\/tr\/wp-json\/wp\/v2\/pages\/15112\/revisions"}],"wp:featuredmedia":[{"embeddable":true,"href":"https:\/\/www.stex-gmbh.com\/tr\/wp-json\/wp\/v2\/media\/1663"}],"wp:attachment":[{"href":"https:\/\/www.stex-gmbh.com\/tr\/wp-json\/wp\/v2\/media?parent=15112"}],"wp:term":[{"taxonomy":"category","embeddable":true,"href":"https:\/\/www.stex-gmbh.com\/tr\/wp-json\/wp\/v2\/categories?post=15112"},{"taxonomy":"post_tag","embeddable":true,"href":"https:\/\/www.stex-gmbh.com\/tr\/wp-json\/wp\/v2\/tags?post=15112"}],"curies":[{"name":"wp","href":"https:\/\/api.w.org\/{rel}","templated":true}]}}