{"id":6216,"date":"2023-10-20T10:50:35","date_gmt":"2023-10-20T08:50:35","guid":{"rendered":"https:\/\/www.stex-gmbh.com\/calculateur-de-prix-merci\/"},"modified":"2023-10-26T12:15:36","modified_gmt":"2023-10-26T10:15:36","slug":"calculateur-de-prix-merci","status":"publish","type":"page","link":"https:\/\/www.stex-gmbh.com\/fr\/calculateur-de-prix-merci\/","title":{"rendered":"Calculateur de prix Merci"},"content":{"rendered":"<div data-elementor-type=\"wp-page\" data-elementor-id=\"6216\" class=\"elementor elementor-6216 elementor-4989\" data-elementor-post-type=\"page\">\n\t\t\t\t<div class=\"elementor-element elementor-element-447cf4a e-flex e-con-boxed e-con e-parent\" data-id=\"447cf4a\" data-element_type=\"container\" data-e-type=\"container\">\n\t\t\t\t\t<div class=\"e-con-inner\">\n\t\t<div class=\"elementor-element elementor-element-de4fe13 e-flex e-con-boxed e-con e-child\" data-id=\"de4fe13\" data-element_type=\"container\" data-e-type=\"container\">\n\t\t\t\t\t<div class=\"e-con-inner\">\n\t\t\t\t<div class=\"elementor-element elementor-element-8da25c7 elementor-widget elementor-widget-heading\" data-id=\"8da25c7\" data-element_type=\"widget\" data-e-type=\"widget\" data-widget_type=\"heading.default\">\n\t\t\t\t\t<h1 class=\"elementor-heading-title elementor-size-default\">Merci beaucoup<\/h1>\t\t\t\t<\/div>\n\t\t\t\t<div class=\"elementor-element elementor-element-db94ba1 elementor-widget elementor-widget-text-editor\" data-id=\"db94ba1\" data-element_type=\"widget\" data-e-type=\"widget\" data-widget_type=\"text-editor.default\">\n\t\t\t\t\t\t\t\t\t<p>Votre demande de calculatrice de prix a \u00e9t\u00e9 transmise avec succ\u00e8s.<br \/>Apr\u00e8s une br\u00e8ve v\u00e9rification, vous recevez imm\u00e9diatement notre confirmation de commande ferme par e-mail.<\/p>\n<p>Nous vous remercions de votre confiance.<\/p>\n\t\t\t\t\t\t\t\t<\/div>\n\t\t\t\t\t<\/div>\n\t\t\t\t<\/div>\n\t\t\t\t<div class=\"elementor-element elementor-element-d38ab49 elementor-widget elementor-widget-button\" data-id=\"d38ab49\" data-element_type=\"widget\" data-e-type=\"widget\" data-widget_type=\"button.default\">\n\t\t\t\t\t\t\t\t\t\t<a class=\"elementor-button elementor-button-link elementor-size-md\" href=\"https:\/\/www.stex-gmbh.com\/de\/expressversand-kosten-preisrechner\/\">\n\t\t\t\t\t\t<span class=\"elementor-button-content-wrapper\">\n\t\t\t\t\t\t\t\t\t<span class=\"elementor-button-text\">Nouvelle commande de calculatrice de prix ?  <\/span>\n\t\t\t\t\t<\/span>\n\t\t\t\t\t<\/a>\n\t\t\t\t\t\t\t\t<\/div>\n\t\t\t\t\t<\/div>\n\t\t\t\t<\/div>\n\t\t<div class=\"elementor-element elementor-element-53eda55 e-flex e-con-boxed e-con e-parent\" data-id=\"53eda55\" data-element_type=\"container\" data-e-type=\"container\">\n\t\t\t\t\t<div class=\"e-con-inner\">\n\t\t\t\t\t<\/div>\n\t\t\t\t<\/div>\n\t\t\t\t<\/div>","protected":false},"excerpt":{"rendered":"<p>Merci beaucoup Votre demande de calculatrice de prix a \u00e9t\u00e9 transmise avec succ\u00e8s.Apr\u00e8s une br\u00e8ve v\u00e9rification, vous recevez imm\u00e9diatement notre confirmation de commande ferme par e-mail. Nous vous remercions de votre confiance. Nouvelle commande de calculatrice de prix ?<\/p>\n","protected":false},"author":1,"featured_media":1663,"parent":0,"menu_order":0,"comment_status":"closed","ping_status":"closed","template":"elementor_header_footer","meta":{"inline_featured_image":false,"footnotes":""},"categories":[],"tags":[],"class_list":["post-6216","page","type-page","status-publish","has-post-thumbnail","hentry"],"_links":{"self":[{"href":"https:\/\/www.stex-gmbh.com\/fr\/wp-json\/wp\/v2\/pages\/6216","targetHints":{"allow":["GET"]}}],"collection":[{"href":"https:\/\/www.stex-gmbh.com\/fr\/wp-json\/wp\/v2\/pages"}],"about":[{"href":"https:\/\/www.stex-gmbh.com\/fr\/wp-json\/wp\/v2\/types\/page"}],"author":[{"embeddable":true,"href":"https:\/\/www.stex-gmbh.com\/fr\/wp-json\/wp\/v2\/users\/1"}],"replies":[{"embeddable":true,"href":"https:\/\/www.stex-gmbh.com\/fr\/wp-json\/wp\/v2\/comments?post=6216"}],"version-history":[{"count":0,"href":"https:\/\/www.stex-gmbh.com\/fr\/wp-json\/wp\/v2\/pages\/6216\/revisions"}],"wp:featuredmedia":[{"embeddable":true,"href":"https:\/\/www.stex-gmbh.com\/fr\/wp-json\/wp\/v2\/media\/1663"}],"wp:attachment":[{"href":"https:\/\/www.stex-gmbh.com\/fr\/wp-json\/wp\/v2\/media?parent=6216"}],"wp:term":[{"taxonomy":"category","embeddable":true,"href":"https:\/\/www.stex-gmbh.com\/fr\/wp-json\/wp\/v2\/categories?post=6216"},{"taxonomy":"post_tag","embeddable":true,"href":"https:\/\/www.stex-gmbh.com\/fr\/wp-json\/wp\/v2\/tags?post=6216"}],"curies":[{"name":"wp","href":"https:\/\/api.w.org\/{rel}","templated":true}]}}