{"id":4369,"date":"2023-08-05T16:42:20","date_gmt":"2023-08-05T14:42:20","guid":{"rendered":"https:\/\/www.stex-gmbh.com\/solutions-de-transport\/"},"modified":"2025-08-21T07:28:38","modified_gmt":"2025-08-21T05:28:38","slug":"solutions-de-transport","status":"publish","type":"page","link":"https:\/\/www.stex-gmbh.com\/fr\/solutions-de-transport\/","title":{"rendered":"Solution de transport"},"content":{"rendered":"<div data-elementor-type=\"wp-page\" data-elementor-id=\"4369\" class=\"elementor elementor-4369 elementor-397\" data-elementor-post-type=\"page\">\n\t\t\t\t<div class=\"elementor-element elementor-element-527dc8a e-flex e-con-boxed e-con e-parent\" data-id=\"527dc8a\" data-element_type=\"container\" data-e-type=\"container\">\n\t\t\t\t\t<div class=\"e-con-inner\">\n\t\t<div class=\"elementor-element elementor-element-bef0574 e-flex e-con-boxed e-con e-child\" data-id=\"bef0574\" data-element_type=\"container\" data-e-type=\"container\">\n\t\t\t\t\t<div class=\"e-con-inner\">\n\t\t\t\t<div class=\"elementor-element elementor-element-ba11197 elementor-widget elementor-widget-heading\" data-id=\"ba11197\" data-element_type=\"widget\" data-e-type=\"widget\" data-widget_type=\"heading.default\">\n\t\t\t\t\t<h1 class=\"elementor-heading-title elementor-size-default\">Solution de transport<\/h1>\t\t\t\t<\/div>\n\t\t\t\t\t<\/div>\n\t\t\t\t<\/div>\n\t\t<div class=\"elementor-element elementor-element-98fd2f2 e-flex e-con-boxed elementor-invisible e-con e-child\" data-id=\"98fd2f2\" data-element_type=\"container\" data-e-type=\"container\" data-settings=\"{&quot;animation&quot;:&quot;fadeIn&quot;}\">\n\t\t\t\t\t<div class=\"e-con-inner\">\n\t\t<a class=\"elementor-element elementor-element-047e1d9 e-flex e-con-boxed elementor-invisible e-con e-child\" data-id=\"047e1d9\" data-element_type=\"container\" data-e-type=\"container\" data-settings=\"{&quot;animation&quot;:&quot;fadeIn&quot;}\" href=\"https:\/\/www.stex-gmbh.com\/fr\/messagerie\/\">\n\t\t\t\t\t<div class=\"e-con-inner\">\n\t\t\t\t<div class=\"elementor-element elementor-element-f36daf3 elementor-widget elementor-widget-image\" data-id=\"f36daf3\" data-element_type=\"widget\" data-e-type=\"widget\" data-widget_type=\"image.default\">\n\t\t\t\t\t\t\t\t\t\t\t\t\t\t\t<img fetchpriority=\"high\" decoding=\"async\" width=\"650\" height=\"400\" src=\"https:\/\/www.stex-gmbh.com\/wp-content\/uploads\/2025\/08\/courier_service-650x400px.jpg\" class=\"attachment-large size-large wp-image-24491\" alt=\"\" srcset=\"https:\/\/www.stex-gmbh.com\/wp-content\/uploads\/2025\/08\/courier_service-650x400px.jpg 650w, https:\/\/www.stex-gmbh.com\/wp-content\/uploads\/2025\/08\/courier_service-650x400px-300x185.jpg 300w\" sizes=\"(max-width: 650px) 100vw, 650px\" \/>\t\t\t\t\t\t\t\t\t\t\t\t\t\t\t<\/div>\n\t\t\t\t<div class=\"elementor-element elementor-element-83a32eb elementor-widget elementor-widget-heading\" data-id=\"83a32eb\" data-element_type=\"widget\" data-e-type=\"widget\" data-widget_type=\"heading.default\">\n\t\t\t\t\t<h2 class=\"elementor-heading-title elementor-size-default\">Service de coursier<\/h2>\t\t\t\t<\/div>\n\t\t\t\t<div class=\"elementor-element elementor-element-40da35d elementor-widget elementor-widget-text-editor\" data-id=\"40da35d\" data-element_type=\"widget\" data-e-type=\"widget\" data-widget_type=\"text-editor.default\">\n\t\t\t\t\t\t\t\t\t<p>Notre service de coursier transporte votre fret \u00e0 une vitesse express du lieu d&rsquo;enl\u00e8vement jusqu&rsquo;\u00e0 la destination finale. Dans toute l&rsquo;Europe et pour tous les secteurs. <\/p>\t\t\t\t\t\t\t\t<\/div>\n\t\t\t\t\t<\/div>\n\t\t\t\t<\/a>\n\t\t<a class=\"elementor-element elementor-element-2add6bf e-flex e-con-boxed elementor-invisible e-con e-child\" data-id=\"2add6bf\" data-element_type=\"container\" data-e-type=\"container\" data-settings=\"{&quot;animation&quot;:&quot;fadeIn&quot;}\" href=\"https:\/\/www.stex-gmbh.com\/fr\/voyage-direct\/\">\n\t\t\t\t\t<div class=\"e-con-inner\">\n\t\t\t\t<div class=\"elementor-element elementor-element-9d84f13 elementor-widget elementor-widget-image\" data-id=\"9d84f13\" data-element_type=\"widget\" data-e-type=\"widget\" data-widget_type=\"image.default\">\n\t\t\t\t\t\t\t\t\t\t\t\t\t\t\t<img decoding=\"async\" width=\"650\" height=\"400\" src=\"https:\/\/www.stex-gmbh.com\/wp-content\/uploads\/2025\/08\/direct_trip-650x400px.jpg\" class=\"attachment-large size-large wp-image-24496\" alt=\"\" srcset=\"https:\/\/www.stex-gmbh.com\/wp-content\/uploads\/2025\/08\/direct_trip-650x400px.jpg 650w, https:\/\/www.stex-gmbh.com\/wp-content\/uploads\/2025\/08\/direct_trip-650x400px-300x185.jpg 300w\" sizes=\"(max-width: 650px) 100vw, 650px\" \/>\t\t\t\t\t\t\t\t\t\t\t\t\t\t\t<\/div>\n\t\t\t\t<div class=\"elementor-element elementor-element-b405da0 elementor-widget elementor-widget-heading\" data-id=\"b405da0\" data-element_type=\"widget\" data-e-type=\"widget\" data-widget_type=\"heading.default\">\n\t\t\t\t\t<h2 class=\"elementor-heading-title elementor-size-default\">Transport direct<\/h2>\t\t\t\t<\/div>\n\t\t\t\t<div class=\"elementor-element elementor-element-cf6ca9c elementor-widget elementor-widget-text-editor\" data-id=\"cf6ca9c\" data-element_type=\"widget\" data-e-type=\"widget\" data-widget_type=\"text-editor.default\">\n\t\t\t\t\t\t\t\t\t<p>Qu&rsquo;est-ce qu&rsquo;un transport direct ? Nous vous expliquons les avantages du transport direct par rapport \u00e0 une entreprise de transport normale. Vous pouvez ici commander directement votre transport direct.  <\/p>\t\t\t\t\t\t\t\t<\/div>\n\t\t\t\t\t<\/div>\n\t\t\t\t<\/a>\n\t\t<a class=\"elementor-element elementor-element-b4783b7 e-flex e-con-boxed elementor-invisible e-con e-child\" data-id=\"b4783b7\" data-element_type=\"container\" data-e-type=\"container\" data-settings=\"{&quot;animation&quot;:&quot;fadeIn&quot;}\" href=\"https:\/\/www.stex-gmbh.com\/fr\/transport-par-camion\/\">\n\t\t\t\t\t<div class=\"e-con-inner\">\n\t\t\t\t<div class=\"elementor-element elementor-element-cddbc4c elementor-widget elementor-widget-image\" data-id=\"cddbc4c\" data-element_type=\"widget\" data-e-type=\"widget\" data-widget_type=\"image.default\">\n\t\t\t\t\t\t\t\t\t\t\t\t\t\t\t<img decoding=\"async\" width=\"650\" height=\"400\" src=\"https:\/\/www.stex-gmbh.com\/wp-content\/uploads\/2025\/08\/truck_transport-650x400px.jpg\" class=\"attachment-large size-large wp-image-24511\" alt=\"\" srcset=\"https:\/\/www.stex-gmbh.com\/wp-content\/uploads\/2025\/08\/truck_transport-650x400px.jpg 650w, https:\/\/www.stex-gmbh.com\/wp-content\/uploads\/2025\/08\/truck_transport-650x400px-300x185.jpg 300w\" sizes=\"(max-width: 650px) 100vw, 650px\" \/>\t\t\t\t\t\t\t\t\t\t\t\t\t\t\t<\/div>\n\t\t\t\t<div class=\"elementor-element elementor-element-bd5e798 elementor-widget elementor-widget-heading\" data-id=\"bd5e798\" data-element_type=\"widget\" data-e-type=\"widget\" data-widget_type=\"heading.default\">\n\t\t\t\t\t<h2 class=\"elementor-heading-title elementor-size-default\">Transport par camion<\/h2>\t\t\t\t<\/div>\n\t\t\t\t<div class=\"elementor-element elementor-element-ff3ccd1 elementor-widget elementor-widget-text-editor\" data-id=\"ff3ccd1\" data-element_type=\"widget\" data-e-type=\"widget\" data-widget_type=\"text-editor.default\">\n\t\t\t\t\t\t\t\t\t<p>Vous avez besoin d&rsquo;un camion de 7,5 tonnes ? STEX vous aide ! Nous proposons un transport par camion dans toute l&rsquo;Europe, avec enl\u00e8vement imm\u00e9diat de vos marchandises si souhait\u00e9. Avec de nombreuses options suppl\u00e9mentaires.   <br><br><\/p>\t\t\t\t\t\t\t\t<\/div>\n\t\t\t\t\t<\/div>\n\t\t\t\t<\/a>\n\t\t<a class=\"elementor-element elementor-element-0f8b3c8 e-flex e-con-boxed elementor-invisible e-con e-child\" data-id=\"0f8b3c8\" data-element_type=\"container\" data-e-type=\"container\" data-settings=\"{&quot;animation&quot;:&quot;fadeIn&quot;}\" href=\"https:\/\/www.stex-gmbh.com\/fr\/expedition\/\">\n\t\t\t\t\t<div class=\"e-con-inner\">\n\t\t\t\t<div class=\"elementor-element elementor-element-ada5cd9 elementor-widget elementor-widget-image\" data-id=\"ada5cd9\" data-element_type=\"widget\" data-e-type=\"widget\" data-widget_type=\"image.default\">\n\t\t\t\t\t\t\t\t\t\t\t\t\t\t\t<img loading=\"lazy\" decoding=\"async\" width=\"650\" height=\"400\" src=\"https:\/\/www.stex-gmbh.com\/wp-content\/uploads\/2025\/08\/express_spedition-650x400px.jpg\" class=\"attachment-large size-large wp-image-24501\" alt=\"\" srcset=\"https:\/\/www.stex-gmbh.com\/wp-content\/uploads\/2025\/08\/express_spedition-650x400px.jpg 650w, https:\/\/www.stex-gmbh.com\/wp-content\/uploads\/2025\/08\/express_spedition-650x400px-300x185.jpg 300w\" sizes=\"(max-width: 650px) 100vw, 650px\" \/>\t\t\t\t\t\t\t\t\t\t\t\t\t\t\t<\/div>\n\t\t\t\t<div class=\"elementor-element elementor-element-d7e05ee elementor-widget elementor-widget-heading\" data-id=\"d7e05ee\" data-element_type=\"widget\" data-e-type=\"widget\" data-widget_type=\"heading.default\">\n\t\t\t\t\t<h2 class=\"elementor-heading-title elementor-size-default\">Transporteur<\/h2>\t\t\t\t<\/div>\n\t\t\t\t<div class=\"elementor-element elementor-element-135542d elementor-widget elementor-widget-text-editor\" data-id=\"135542d\" data-element_type=\"widget\" data-e-type=\"widget\" data-widget_type=\"text-editor.default\">\n\t\t\t\t\t\t\t\t\t<p>Avec le transporteur STEX, b\u00e9n\u00e9ficiez d&rsquo;un service complet. 7.000 v\u00e9hicules sont imm\u00e9diatement disponibles pour votre fret. \u00c0 l&rsquo;\u00e9chelle nationale. \u00c0 l&rsquo;\u00e9chelle internationale. Sur demande \u00e9galement en express.    <br><br><\/p>\t\t\t\t\t\t\t\t<\/div>\n\t\t\t\t\t<\/div>\n\t\t\t\t<\/a>\n\t\t\t\t\t<\/div>\n\t\t\t\t<\/div>\n\t\t<div class=\"elementor-element elementor-element-b25e8cc e-flex e-con-boxed elementor-invisible e-con e-child\" data-id=\"b25e8cc\" data-element_type=\"container\" data-e-type=\"container\" data-settings=\"{&quot;animation&quot;:&quot;fadeIn&quot;}\">\n\t\t\t\t\t<div class=\"e-con-inner\">\n\t\t<a class=\"elementor-element elementor-element-886245a e-flex e-con-boxed elementor-invisible e-con e-child\" data-id=\"886245a\" data-element_type=\"container\" data-e-type=\"container\" data-settings=\"{&quot;animation&quot;:&quot;fadeIn&quot;}\" href=\"https:\/\/www.stex-gmbh.com\/fr\/semi-remorque\/\">\n\t\t\t\t\t<div class=\"e-con-inner\">\n\t\t\t\t<div class=\"elementor-element elementor-element-8e39776 elementor-widget elementor-widget-image\" data-id=\"8e39776\" data-element_type=\"widget\" data-e-type=\"widget\" data-widget_type=\"image.default\">\n\t\t\t\t\t\t\t\t\t\t\t\t\t\t\t<img loading=\"lazy\" decoding=\"async\" width=\"650\" height=\"400\" src=\"https:\/\/www.stex-gmbh.com\/wp-content\/uploads\/2025\/08\/semi_trailer_truck-650x400px.jpg\" class=\"attachment-large size-large wp-image-24516\" alt=\"\" srcset=\"https:\/\/www.stex-gmbh.com\/wp-content\/uploads\/2025\/08\/semi_trailer_truck-650x400px.jpg 650w, https:\/\/www.stex-gmbh.com\/wp-content\/uploads\/2025\/08\/semi_trailer_truck-650x400px-300x185.jpg 300w\" sizes=\"(max-width: 650px) 100vw, 650px\" \/>\t\t\t\t\t\t\t\t\t\t\t\t\t\t\t<\/div>\n\t\t\t\t<div class=\"elementor-element elementor-element-4d7aba9 elementor-widget elementor-widget-heading\" data-id=\"4d7aba9\" data-element_type=\"widget\" data-e-type=\"widget\" data-widget_type=\"heading.default\">\n\t\t\t\t\t<h2 class=\"elementor-heading-title elementor-size-default\">Semi-remorque<\/h2>\t\t\t\t<\/div>\n\t\t\t\t<div class=\"elementor-element elementor-element-e0bc004 elementor-widget elementor-widget-text-editor\" data-id=\"e0bc004\" data-element_type=\"widget\" data-e-type=\"widget\" data-widget_type=\"text-editor.default\">\n\t\t\t\t\t\t\t\t\t<p>STEX offre \u00e0 ses clients l&rsquo;acc\u00e8s \u00e0 des tracteurs routiers.\nNotre tracteur routier offre un confort maximal avec une surface de chargement de 1360\u00d7245\u00d7270 cm et une charge utile allant jusqu\u2019\u00e0 25,5 t. <\/p>\t\t\t\t\t\t\t\t<\/div>\n\t\t\t\t\t<\/div>\n\t\t\t\t<\/a>\n\t\t<a class=\"elementor-element elementor-element-5bf289e e-flex e-con-boxed elementor-invisible e-con e-child\" data-id=\"5bf289e\" data-element_type=\"container\" data-e-type=\"container\" data-settings=\"{&quot;animation&quot;:&quot;fadeIn&quot;}\" href=\"https:\/\/www.stex-gmbh.com\/fr\/transport-de-marchandises-dangereuses\/\">\n\t\t\t\t\t<div class=\"e-con-inner\">\n\t\t\t\t<div class=\"elementor-element elementor-element-9e764a4 elementor-widget elementor-widget-image\" data-id=\"9e764a4\" data-element_type=\"widget\" data-e-type=\"widget\" data-widget_type=\"image.default\">\n\t\t\t\t\t\t\t\t\t\t\t\t\t\t\t<img loading=\"lazy\" decoding=\"async\" width=\"650\" height=\"400\" src=\"https:\/\/www.stex-gmbh.com\/wp-content\/uploads\/2023\/08\/gefahrguttransport_650x400px.jpg\" class=\"attachment-large size-large wp-image-4382\" alt=\"\" srcset=\"https:\/\/www.stex-gmbh.com\/wp-content\/uploads\/2023\/08\/gefahrguttransport_650x400px.jpg 650w, https:\/\/www.stex-gmbh.com\/wp-content\/uploads\/2023\/08\/gefahrguttransport_650x400px-300x185.jpg 300w\" sizes=\"(max-width: 650px) 100vw, 650px\" \/>\t\t\t\t\t\t\t\t\t\t\t\t\t\t\t<\/div>\n\t\t\t\t<div class=\"elementor-element elementor-element-612f834 elementor-widget elementor-widget-heading\" data-id=\"612f834\" data-element_type=\"widget\" data-e-type=\"widget\" data-widget_type=\"heading.default\">\n\t\t\t\t\t<h2 class=\"elementor-heading-title elementor-size-default\">Transport de marchandises dangereuses<\/h2>\t\t\t\t<\/div>\n\t\t\t\t<div class=\"elementor-element elementor-element-4b96176 elementor-widget elementor-widget-text-editor\" data-id=\"4b96176\" data-element_type=\"widget\" data-e-type=\"widget\" data-widget_type=\"text-editor.default\">\n\t\t\t\t\t\t\t\t\t<p>Le transport de marchandises dangereuses STEX est la solution s\u00fbre, fiable et rentable pour tous les transports de marchandises dangereuses et de quantit\u00e9s limit\u00e9es (LQ), en dessous et au-dessus de 1000 points.<\/p>\t\t\t\t\t\t\t\t<\/div>\n\t\t\t\t\t<\/div>\n\t\t\t\t<\/a>\n\t\t<a class=\"elementor-element elementor-element-dc85dbe e-flex e-con-boxed elementor-invisible e-con e-child\" data-id=\"dc85dbe\" data-element_type=\"container\" data-e-type=\"container\" data-settings=\"{&quot;animation&quot;:&quot;fadeIn&quot;}\" href=\"https:\/\/www.stex-gmbh.com\/fr\/transport-frigorifique\/\">\n\t\t\t\t\t<div class=\"e-con-inner\">\n\t\t\t\t<div class=\"elementor-element elementor-element-7aab09d elementor-widget elementor-widget-image\" data-id=\"7aab09d\" data-element_type=\"widget\" data-e-type=\"widget\" data-widget_type=\"image.default\">\n\t\t\t\t\t\t\t\t\t\t\t\t\t\t\t<img loading=\"lazy\" decoding=\"async\" width=\"650\" height=\"400\" src=\"https:\/\/www.stex-gmbh.com\/wp-content\/uploads\/2025\/08\/refrigerated_transport-650x400px.jpg\" class=\"attachment-large size-large wp-image-24506\" alt=\"\" srcset=\"https:\/\/www.stex-gmbh.com\/wp-content\/uploads\/2025\/08\/refrigerated_transport-650x400px.jpg 650w, https:\/\/www.stex-gmbh.com\/wp-content\/uploads\/2025\/08\/refrigerated_transport-650x400px-300x185.jpg 300w\" sizes=\"(max-width: 650px) 100vw, 650px\" \/>\t\t\t\t\t\t\t\t\t\t\t\t\t\t\t<\/div>\n\t\t\t\t<div class=\"elementor-element elementor-element-49e6bbd elementor-widget elementor-widget-heading\" data-id=\"49e6bbd\" data-element_type=\"widget\" data-e-type=\"widget\" data-widget_type=\"heading.default\">\n\t\t\t\t\t<h2 class=\"elementor-heading-title elementor-size-default\">Transport frigorifique<\/h2>\t\t\t\t<\/div>\n\t\t\t\t<div class=\"elementor-element elementor-element-5fb224d elementor-widget elementor-widget-text-editor\" data-id=\"5fb224d\" data-element_type=\"widget\" data-e-type=\"widget\" data-widget_type=\"text-editor.default\">\n\t\t\t\t\t\t\t\t\t<p>Vous souhaitez louer un camion frigorifique ou faire appel \u00e0 un transporteur frigorifique qui achemine vos marchandises et vos biens \u00e0 destination en toute s\u00e9curit\u00e9, avec un protocole et en flux tendu ? Le transport frigorifique STEX Express est la solution optimale pour vous. <\/p>\t\t\t\t\t\t\t\t<\/div>\n\t\t\t\t\t<\/div>\n\t\t\t\t<\/a>\n\t\t\t\t\t<\/div>\n\t\t\t\t<\/div>\n\t\t<div class=\"elementor-element elementor-element-d8a173d e-flex e-con-boxed elementor-invisible e-con e-child\" data-id=\"d8a173d\" data-element_type=\"container\" data-e-type=\"container\" data-settings=\"{&quot;animation&quot;:&quot;fadeIn&quot;}\">\n\t\t\t\t\t<div class=\"e-con-inner\">\n\t\t<a class=\"elementor-element elementor-element-5b15b5a e-flex e-con-boxed elementor-invisible e-con e-child\" data-id=\"5b15b5a\" data-element_type=\"container\" data-e-type=\"container\" data-settings=\"{&quot;animation&quot;:&quot;fadeIn&quot;}\" href=\"https:\/\/www.stex-gmbh.com\/fr\/transport-special\/\">\n\t\t\t\t\t<div class=\"e-con-inner\">\n\t\t\t\t<div class=\"elementor-element elementor-element-d536bbc elementor-widget elementor-widget-image\" data-id=\"d536bbc\" data-element_type=\"widget\" data-e-type=\"widget\" data-widget_type=\"image.default\">\n\t\t\t\t\t\t\t\t\t\t\t\t\t\t\t<img loading=\"lazy\" decoding=\"async\" width=\"650\" height=\"400\" src=\"https:\/\/www.stex-gmbh.com\/wp-content\/uploads\/2025\/08\/semi_trailer_truck-650x400px.jpg\" class=\"attachment-large size-large wp-image-24516\" alt=\"\" srcset=\"https:\/\/www.stex-gmbh.com\/wp-content\/uploads\/2025\/08\/semi_trailer_truck-650x400px.jpg 650w, https:\/\/www.stex-gmbh.com\/wp-content\/uploads\/2025\/08\/semi_trailer_truck-650x400px-300x185.jpg 300w\" sizes=\"(max-width: 650px) 100vw, 650px\" \/>\t\t\t\t\t\t\t\t\t\t\t\t\t\t\t<\/div>\n\t\t\t\t<div class=\"elementor-element elementor-element-eb8d40c elementor-widget elementor-widget-heading\" data-id=\"eb8d40c\" data-element_type=\"widget\" data-e-type=\"widget\" data-widget_type=\"heading.default\">\n\t\t\t\t\t<h2 class=\"elementor-heading-title elementor-size-default\">Transport sp\u00e9cial<\/h2>\t\t\t\t<\/div>\n\t\t\t\t<div class=\"elementor-element elementor-element-86b7fd7 elementor-widget elementor-widget-text-editor\" data-id=\"86b7fd7\" data-element_type=\"widget\" data-e-type=\"widget\" data-widget_type=\"text-editor.default\">\n\t\t\t\t\t\t\t\t\t<p>Les transports sp\u00e9ciaux font partie de notre quotidien. Charges lourdes, marchandises encombrantes, marchandises urgentes. Notre calculateur de prix d\u00e9termine \u00e0 l&rsquo;avance les co\u00fbts totaux fixes et vous offre une s\u00e9curit\u00e9 de planification.  <\/p>\t\t\t\t\t\t\t\t<\/div>\n\t\t\t\t\t<\/div>\n\t\t\t\t<\/a>\n\t\t<a class=\"elementor-element elementor-element-fb70abd e-con-full e-flex elementor-invisible e-con e-child\" data-id=\"fb70abd\" data-element_type=\"container\" data-e-type=\"container\" data-settings=\"{&quot;animation&quot;:&quot;fadeIn&quot;}\" href=\"https:\/\/www.stex-gmbh.com\/fr\/coursier-de-transport-express\/\">\n\t\t\t\t<div class=\"elementor-element elementor-element-73c1efa elementor-widget elementor-widget-image\" data-id=\"73c1efa\" data-element_type=\"widget\" data-e-type=\"widget\" data-widget_type=\"image.default\">\n\t\t\t\t\t\t\t\t\t\t\t\t\t\t\t<img loading=\"lazy\" decoding=\"async\" width=\"650\" height=\"400\" src=\"https:\/\/www.stex-gmbh.com\/wp-content\/uploads\/2023\/08\/express-transport_650x400px.jpg\" class=\"attachment-large size-large wp-image-4384\" alt=\"\" srcset=\"https:\/\/www.stex-gmbh.com\/wp-content\/uploads\/2023\/08\/express-transport_650x400px.jpg 650w, https:\/\/www.stex-gmbh.com\/wp-content\/uploads\/2023\/08\/express-transport_650x400px-300x185.jpg 300w\" sizes=\"(max-width: 650px) 100vw, 650px\" \/>\t\t\t\t\t\t\t\t\t\t\t\t\t\t\t<\/div>\n\t\t\t\t<div class=\"elementor-element elementor-element-e4407cd elementor-widget elementor-widget-heading\" data-id=\"e4407cd\" data-element_type=\"widget\" data-e-type=\"widget\" data-widget_type=\"heading.default\">\n\t\t\t\t\t<h2 class=\"elementor-heading-title elementor-size-default\">Transport express<\/h2>\t\t\t\t<\/div>\n\t\t\t\t<div class=\"elementor-element elementor-element-d3e4ba8 elementor-widget elementor-widget-text-editor\" data-id=\"d3e4ba8\" data-element_type=\"widget\" data-e-type=\"widget\" data-widget_type=\"text-editor.default\">\n\t\t\t\t\t\t\t\t\t<p>Notre service de transport express vous permet de calculer avec exactitude le montant total de vos frais avant le d\u00e9part de notre chauffeur express. Pour ce faire, notre calculateur de prix de transport express innovant est \u00e0 votre disposition en ligne. <\/p>\t\t\t\t\t\t\t\t<\/div>\n\t\t\t\t<\/a>\n\t\t\t\t\t<\/div>\n\t\t\t\t<\/div>\n\t\t\t\t\t<\/div>\n\t\t\t\t<\/div>\n\t\t\t\t<\/div>","protected":false},"excerpt":{"rendered":"<p>Solution de transport Service de coursier Notre service de coursier transporte votre fret \u00e0 une vitesse express du lieu d&rsquo;enl\u00e8vement jusqu&rsquo;\u00e0 la destination finale. Dans toute l&rsquo;Europe et pour tous les secteurs. Transport direct Qu&rsquo;est-ce qu&rsquo;un transport direct ? Nous vous expliquons les avantages du transport direct par rapport \u00e0 une entreprise de transport normale. [&hellip;]<\/p>\n","protected":false},"author":1,"featured_media":4380,"parent":0,"menu_order":0,"comment_status":"closed","ping_status":"closed","template":"elementor_header_footer","meta":{"inline_featured_image":false,"footnotes":""},"categories":[],"tags":[],"class_list":["post-4369","page","type-page","status-publish","has-post-thumbnail","hentry"],"_links":{"self":[{"href":"https:\/\/www.stex-gmbh.com\/fr\/wp-json\/wp\/v2\/pages\/4369","targetHints":{"allow":["GET"]}}],"collection":[{"href":"https:\/\/www.stex-gmbh.com\/fr\/wp-json\/wp\/v2\/pages"}],"about":[{"href":"https:\/\/www.stex-gmbh.com\/fr\/wp-json\/wp\/v2\/types\/page"}],"author":[{"embeddable":true,"href":"https:\/\/www.stex-gmbh.com\/fr\/wp-json\/wp\/v2\/users\/1"}],"replies":[{"embeddable":true,"href":"https:\/\/www.stex-gmbh.com\/fr\/wp-json\/wp\/v2\/comments?post=4369"}],"version-history":[{"count":0,"href":"https:\/\/www.stex-gmbh.com\/fr\/wp-json\/wp\/v2\/pages\/4369\/revisions"}],"wp:featuredmedia":[{"embeddable":true,"href":"https:\/\/www.stex-gmbh.com\/fr\/wp-json\/wp\/v2\/media\/4380"}],"wp:attachment":[{"href":"https:\/\/www.stex-gmbh.com\/fr\/wp-json\/wp\/v2\/media?parent=4369"}],"wp:term":[{"taxonomy":"category","embeddable":true,"href":"https:\/\/www.stex-gmbh.com\/fr\/wp-json\/wp\/v2\/categories?post=4369"},{"taxonomy":"post_tag","embeddable":true,"href":"https:\/\/www.stex-gmbh.com\/fr\/wp-json\/wp\/v2\/tags?post=4369"}],"curies":[{"name":"wp","href":"https:\/\/api.w.org\/{rel}","templated":true}]}}