{"id":15104,"date":"2023-09-29T15:28:57","date_gmt":"2023-09-29T13:28:57","guid":{"rendered":"https:\/\/www.stex-gmbh.com\/mentions-legales\/"},"modified":"2025-04-17T11:00:25","modified_gmt":"2025-04-17T09:00:25","slug":"mentions-legales","status":"publish","type":"page","link":"https:\/\/www.stex-gmbh.com\/fr\/mentions-legales\/","title":{"rendered":"Mentions l\u00e9gales"},"content":{"rendered":"<div data-elementor-type=\"wp-page\" data-elementor-id=\"15104\" class=\"elementor elementor-15104 elementor-3172\" data-elementor-post-type=\"page\">\n\t\t\t\t<div class=\"elementor-element elementor-element-76296f7 e-flex e-con-boxed e-con e-parent\" data-id=\"76296f7\" data-element_type=\"container\" data-e-type=\"container\">\n\t\t\t\t\t<div class=\"e-con-inner\">\n\t\t\t\t<div class=\"elementor-element elementor-element-73c6ded elementor-widget elementor-widget-heading\" data-id=\"73c6ded\" data-element_type=\"widget\" data-e-type=\"widget\" data-widget_type=\"heading.default\">\n\t\t\t\t\t<h1 class=\"elementor-heading-title elementor-size-default\">Mentions l\u00e9gales<\/h1>\t\t\t\t<\/div>\n\t\t\t\t\t<\/div>\n\t\t\t\t<\/div>\n\t\t<div class=\"elementor-element elementor-element-efee4ba e-flex e-con-boxed e-con e-parent\" data-id=\"efee4ba\" data-element_type=\"container\" data-e-type=\"container\">\n\t\t\t\t\t<div class=\"e-con-inner\">\n\t\t\t\t<div class=\"elementor-element elementor-element-f989e2b elementor-widget elementor-widget-text-editor\" data-id=\"f989e2b\" data-element_type=\"widget\" data-e-type=\"widget\" data-widget_type=\"text-editor.default\">\n\t\t\t\t\t\t\t\t\t<p>STEX GmbH<br>Schnellerstra\u00dfe 60<br>12439 Berlin<\/p>\n<p>Tribunal d\u2019instance de Charlottenburg (Berlin) HRB 270108 B<br>Num\u00e9ro de TVA : DE311162674<\/p>\n<p>Responsable du contenu selon le \u00a75 Telemediengesetz : Tobias Hofer<br>Directeur g\u00e9n\u00e9ral : Lothar Ludwig Hasselbach<br>T\u00e9l. : <a href=\"tel:+498001127839\">0800 112 7839<\/a> (Allemagne)<br>T\u00e9l\u00e9phone&nbsp;: <a href=\"tel:+4930235915700\">+49 30 235 9157 00<\/a>  (international)<br>Par la poste : <a href=\"mailto:dispo@stex-gmbh.com\">dispo@stex-gmbh.com<\/a><\/p>\n<h2>D\u00e9menti<\/h2>\n<h3>Responsabilit\u00e9 pour les contenus<\/h3>\n<p>En tant que prestataire de services, nous sommes responsables de notre propre contenu sur ces pages conform\u00e9ment au \u00a7 7 al. 1 TMG conform\u00e9ment au droit g\u00e9n\u00e9ral. Toutefois, conform\u00e9ment aux \u00a7\u00a7 8 \u00e0 10 de la TMG, nous ne sommes pas tenus, en tant que prestataire de services, de surveiller les informations de tiers transmises ou stock\u00e9es ou d\u2019enqu\u00eater sur les circonstances indiquant une activit\u00e9 ill\u00e9gale.  <\/p>\n<p>Les obligations de suppression ou de blocage de l\u2019utilisation des informations en vertu des lois g\u00e9n\u00e9rales n\u2019en sont pas affect\u00e9es. Toutefois, la responsabilit\u00e9 \u00e0 cet \u00e9gard n\u2019est possible qu\u2019\u00e0 partir du moment o\u00f9 nous avons connaissance d\u2019une violation concr\u00e8te de la loi. Si nous avons connaissance de telles violations, nous supprimerons imm\u00e9diatement ce contenu.  <\/p>\n<h3>Responsabilit\u00e9 pour les liens<\/h3>\n<p>Notre offre contient des liens vers des sites Web externes de tiers, sur le contenu desquels nous n\u2019avons aucune influence. Par cons\u00e9quent, nous ne pouvons assumer aucune responsabilit\u00e9 pour ces contenus de tiers. Le fournisseur ou l\u2019exploitant respectif des pages est toujours responsable du contenu des pages li\u00e9es. Au moment de la cr\u00e9ation du lien, les pages li\u00e9es ont \u00e9t\u00e9 v\u00e9rifi\u00e9es pour d\u00e9tecter d\u2019\u00e9ventuelles violations de la loi. Le contenu ill\u00e9gal n\u2019\u00e9tait pas reconnaissable au moment de la cr\u00e9ation du lien.    <\/p>\n<p>Cependant, un contr\u00f4le permanent du contenu des pages li\u00e9es n\u2019est pas raisonnable sans indices concrets d\u2019une violation de la loi. Si nous avons connaissance d\u2019une violation de la loi, nous supprimerons imm\u00e9diatement ces liens. <\/p>\n<h3>Copyright<\/h3>\n<p>Le contenu et les \u0153uvres de ces pages cr\u00e9\u00e9s par les exploitants du site sont soumis \u00e0 la loi allemande sur le droit d\u2019auteur. La reproduction, l\u2019\u00e9dition, la diffusion et toute forme d\u2019exploitation en dehors des limites du droit d\u2019auteur n\u00e9cessitent l\u2019accord \u00e9crit de l\u2019auteur ou du cr\u00e9ateur respectif. Les t\u00e9l\u00e9chargements et les copies de ce site ne sont autoris\u00e9s que pour un usage priv\u00e9 et non commercial. Dans la mesure o\u00f9 le contenu de cette page n\u2019a pas \u00e9t\u00e9 cr\u00e9\u00e9 par l\u2019exploitant, les droits d\u2019auteur de tiers sont respect\u00e9s. En particulier, les contenus de tiers sont marqu\u00e9s comme tels. Si vous avez n\u00e9anmoins connaissance d\u2019une violation des droits d\u2019auteur, nous vous demandons de nous en informer. Si nous avons connaissance d\u2019une infraction, nous supprimerons imm\u00e9diatement ce contenu.      <\/p>\t\t\t\t\t\t\t\t<\/div>\n\t\t\t\t\t<\/div>\n\t\t\t\t<\/div>\n\t\t\t\t<\/div>","protected":false},"excerpt":{"rendered":"<p>Mentions l\u00e9gales STEX GmbHSchnellerstra\u00dfe 6012439 Berlin Tribunal d\u2019instance de Charlottenburg (Berlin) HRB 270108 BNum\u00e9ro de TVA : DE311162674 Responsable du contenu selon le \u00a75 Telemediengesetz : Tobias HoferDirecteur g\u00e9n\u00e9ral : Lothar Ludwig HasselbachT\u00e9l. : 0800 112 7839 (Allemagne)T\u00e9l\u00e9phone&nbsp;: +49 30 235 9157 00 (international)Par la poste : dispo@stex-gmbh.com D\u00e9menti Responsabilit\u00e9 pour les contenus En tant [&hellip;]<\/p>\n","protected":false},"author":1,"featured_media":1663,"parent":0,"menu_order":0,"comment_status":"closed","ping_status":"closed","template":"elementor_header_footer","meta":{"inline_featured_image":false,"footnotes":""},"categories":[],"tags":[],"class_list":["post-15104","page","type-page","status-publish","has-post-thumbnail","hentry"],"_links":{"self":[{"href":"https:\/\/www.stex-gmbh.com\/fr\/wp-json\/wp\/v2\/pages\/15104","targetHints":{"allow":["GET"]}}],"collection":[{"href":"https:\/\/www.stex-gmbh.com\/fr\/wp-json\/wp\/v2\/pages"}],"about":[{"href":"https:\/\/www.stex-gmbh.com\/fr\/wp-json\/wp\/v2\/types\/page"}],"author":[{"embeddable":true,"href":"https:\/\/www.stex-gmbh.com\/fr\/wp-json\/wp\/v2\/users\/1"}],"replies":[{"embeddable":true,"href":"https:\/\/www.stex-gmbh.com\/fr\/wp-json\/wp\/v2\/comments?post=15104"}],"version-history":[{"count":0,"href":"https:\/\/www.stex-gmbh.com\/fr\/wp-json\/wp\/v2\/pages\/15104\/revisions"}],"wp:featuredmedia":[{"embeddable":true,"href":"https:\/\/www.stex-gmbh.com\/fr\/wp-json\/wp\/v2\/media\/1663"}],"wp:attachment":[{"href":"https:\/\/www.stex-gmbh.com\/fr\/wp-json\/wp\/v2\/media?parent=15104"}],"wp:term":[{"taxonomy":"category","embeddable":true,"href":"https:\/\/www.stex-gmbh.com\/fr\/wp-json\/wp\/v2\/categories?post=15104"},{"taxonomy":"post_tag","embeddable":true,"href":"https:\/\/www.stex-gmbh.com\/fr\/wp-json\/wp\/v2\/tags?post=15104"}],"curies":[{"name":"wp","href":"https:\/\/api.w.org\/{rel}","templated":true}]}}