{"id":3177,"date":"2023-09-29T15:29:58","date_gmt":"2023-09-29T13:29:58","guid":{"rendered":"https:\/\/www.stex-gmbh.com\/?page_id=3177"},"modified":"2026-04-07T17:47:45","modified_gmt":"2026-04-07T15:47:45","slug":"agb","status":"publish","type":"page","link":"https:\/\/www.stex-gmbh.com\/de\/agb\/","title":{"rendered":"AGB"},"content":{"rendered":"<div data-elementor-type=\"wp-page\" data-elementor-id=\"3177\" class=\"elementor elementor-3177\" data-elementor-post-type=\"page\">\n\t\t\t\t<div class=\"elementor-element elementor-element-0531c53 e-flex e-con-boxed e-con e-parent\" data-id=\"0531c53\" data-element_type=\"container\" data-e-type=\"container\">\n\t\t\t\t\t<div class=\"e-con-inner\">\n\t\t\t\t<div class=\"elementor-element elementor-element-78c8b60 elementor-widget elementor-widget-heading\" data-id=\"78c8b60\" data-element_type=\"widget\" data-e-type=\"widget\" data-widget_type=\"heading.default\">\n\t\t\t\t\t<h1 class=\"elementor-heading-title elementor-size-default\">Allgemeine Gesch\u00e4ftsbedingungen (AGB)<\/h1>\t\t\t\t<\/div>\n\t\t\t\t\t<\/div>\n\t\t\t\t<\/div>\n\t\t<div class=\"elementor-element elementor-element-d80f590 e-flex e-con-boxed e-con e-parent\" data-id=\"d80f590\" data-element_type=\"container\" data-e-type=\"container\">\n\t\t\t\t\t<div class=\"e-con-inner\">\n\t\t\t\t<div class=\"elementor-element elementor-element-81af8d3 elementor-widget elementor-widget-text-editor\" data-id=\"81af8d3\" data-element_type=\"widget\" data-e-type=\"widget\" data-widget_type=\"text-editor.default\">\n\t\t\t\t\t\t\t\t\t<p>Allgemeine Gesch\u00e4ftsbedingungen<\/p><p>zwischen<\/p><p>STEX GmbH, nachfolgend Auftragnehmerin<\/p><p>und<\/p><p>Auftraggeber, nachfolgend Kunde<\/p><h2>Pr\u00e4ambel<\/h2><p>Die Vertragsparteien legen folgende allgemeine Gesch\u00e4ftsbedingungen ihrer vertraglichen Vereinbarung auf \u00dcbernahme von Waren und Versendung auf Gehei\u00df des Kunden zugrunde, wobei Kunde Verbraucher oder Unternehmer sein k\u00f6nnen.<\/p><p>Bei Verbraucher erfolgt die Auftragsbest\u00e4tigung unter zus\u00e4tzlicher gesonderter Best\u00e4tigung, diese Allgemeinen Gesch\u00e4ftsbedingungen anzuerkennen.<\/p><p>Widersprechende Allgemeine Gesch\u00e4ftsbedingungen juristischer Personen werden ausgeschlossen.<\/p><h3>\u00a7 1 Auftragserteilung und notwendige Angaben des Kunden<\/h3><p>1. Die Auftragnehmerin ist nicht verpflichtet, Auftr\u00e4ge von Kunden, die \u00fcber den Preisrechner der Auftragnehmerin erfolgen, anzunehmen; einer Begr\u00fcndung bedarf es nicht. Die Auftragnehmerin kann den Vertrag auch nach Annahme des Angebots unter Ausschluss von Schadensersatzforderungen seitens des Kunden k\u00fcndigen. Der Kunde hat jedoch die M\u00f6glichkeit, die Ablehnung durch Vorkasse innerhalb einer von der Auftragsnehmerin gesetzten Frist abzuwenden. Bei K\u00fcndigung des Angebots wegen Zweifel an der Bonit\u00e4t wird die Auftragnehmerin dem Kunden w\u00e4hrend ihrer Gesch\u00e4ftszeiten (Montag bis Freitag 08:00 Uhr bis 17:30 Uhr, au\u00dfer gesetzliche Feiertage) innerhalb von 2 Stunden nach Auftragsannahme telefonisch oder in Textform in Kenntnis setzen und Vorschuss verlangen. Wird der Vorschuss nicht gezahlt, wird der Kunde so gestellt, als h\u00e4tte er den Auftrag kurzfristig storniert.<\/p><p>2. Der Kunde erstellt seine Anfrage unter Verwendung der Formulare <a title=\"\" href=\"https:\/\/www.stex-gmbh.com\/de\/expressversand-kosten-preisrechner\/\" target=\"\" rel=\"\">www.stex-gmbh.com\/de\/expressversand-kosten-preisrechner\/<\/a> (bzw. email <a href=\"mailto:dispo@stex-gmbh.com\">dispo@stex-gmbh.com<\/a>) \u00fcber die Bef\u00f6rderung von St\u00fcckgut, Ladungseinheiten und\/oder Gesamtladungen unter genauer Bezeichnung der Ma\u00dfe wie Breite, H\u00f6he, L\u00e4nge und der Gewichte sowie die Angabe des Inhalts und ggfs. der Angaben als Gefahrgut- oder Thermotransport.<\/p><p>3. Die Ware muss stapelbar sein. Ist sie dies nicht, bedarf es eines besonderen Hinweises seitens des Kunden. Sollte die Ware bei der Auftragserteilung nicht in den gew\u00e4hlten Frachtraum passen, hat die Auftragnehmerin das Recht auf au\u00dferordentliche K\u00fcndigung oder Anpassung des Vertrags. Bei Anpassung des Vertrags wird der Tarif automatisch auf die n\u00e4chsth\u00f6here Ebene, wie im Preisrechner nachzuvollziehen, angepasst. Der Auftragnehmerin obliegt in diesem Fall die Wahl zwischen der Verwendung eines gr\u00f6\u00dferen Fahrzeugs oder \u2013 sofern m\u00f6glich \u2013 die Verwendung eines weiteren Fahrzeugs; wenn beide Alternativen m\u00f6glich sind, wird durch die Auftragnehmerin die kosteng\u00fcnstigere Variante gew\u00e4hlt. Schadensersatzanspr\u00fcche gegen die Auftragnehmerin sind insoweit ausgeschlossen, als gesetzlich nicht zwingend vorgegeben.<\/p><p>4. Die Ware des Kunden muss eine Ladungssicherung mittels Spanngurten zulassen, andernfalls kann sie nach Ma\u00dfgabe des \u00a7 2 Nr. 9 der AGB zur\u00fcckgewiesen werden.<\/p><p>5. Umzugsg\u00fcter, Kunst, Unikate sowie Wertsachen, insbesondere Edelmetalle und Edelsteine sind vom Transport ausgeschlossen, es sei denn, es wird eine besondere Vereinbarung mit entsprechender Versicherung und einem dann im Einzelnen auszuhandelndem Vertrag geschlossen. Bez\u00fcglich der Beauftragung f\u00fcr Umzugsg\u00fcter wird auf \u00a7 6 verwiesen.<\/p><p>6. Die auf der Internetseite zum Preisrechner get\u00e4tigten Angaben des Kunden sind Grundlage f\u00fcr die Preisberechnung und f\u00fcr ihn nach Abgabe des Angebots verbindlich. Anfallende Zusatzkosten wie Z\u00f6lle, Steuern, Kosten f\u00fcr F\u00e4hren oder Tunnel etc. werden ausschlie\u00dflich direkt mit dem Kunden abgerechnet.<\/p><p>7. Die im Preisrechner angegebenen Zeiten sind keine garantierten Termine der Abholung und Lieferung, sondern stellen zun\u00e4chst den groben zeitlichen Rahmen des Transports dar. Eine Fixierung auf feste Zeitr\u00e4ume erfolgt erst nach Annahme durch die Auftragnehmerin. Fixtermine bed\u00fcrfen besonderer Best\u00e4tigung durch die Auftragnehmerin.<\/p><p>8. Sollte die angegebene verantwortliche Person oder ein sonstiger bef\u00e4higter Mitarbeiter oder Ansprechpartner des Kunden, trotz mehrmaliger Versuche, innerhalb von zwei Stunden nach erster Kontaktaufnahme nicht erreicht werden und eine Aufnahme oder Fortf\u00fchrung des Transports damit nicht m\u00f6glich sein, hat die Auftragnehmerin das Recht, den Auftrag auf Kosten des Kunden zu k\u00fcndigen und das bereitgestellte Fahrzeug vom Transport abzuziehen.<\/p><p>9. Bei den fiktiven Fahrzeugtypen handelt es sich lediglich um Tarifarten zur gewichts- und volumenabh\u00e4ngigen Preisunterscheidung. Es besteht kein Anspruch auf ein spezifisches Fahrzeug. In den Frachtkosten sind letztlich nur die explizit im Auftrag genannten Packst\u00fccke unter Angabe von Ma\u00dfe + Gewicht enthalten. Sollte das im Auftrag angemeldete Transportvolumen platz- oder gewichtsm\u00e4\u00dfig nicht in den hier ausgew\u00e4hlten fiktiven Fahrzeugtyp passen, erkl\u00e4rt sich der Kunde damit einverstanden, dass die STEX GmbH eine \u00c4nderung auf einen geeigneten, h\u00f6heren fiktiven Fahrzeugtyp manuell vornimmt; sollte es keinen h\u00f6heren Fahrzeugtyp geben, gilt die Beauftragung des dargestellten maximalen Transportvolumens f\u00fcr das gew\u00e4hlte Fahrzeug. \u00dcberdies weisen wir darauf hin, dass die Nutzlastangaben bei einzelnen Relationen abweichend sind. Laufzeit bei LKW, Sattelzug und in gewisse Relationen abweichend. Die Laufzeiten verstehen sich vorbehaltlich des Verkehrs, Wetters und sonstiger Verz\u00f6gerungen.<\/p><h3>\u00a7 2 Angebotserstellung und Annahme<\/h3><p>1. Die Auftragnehmerin sichert zu, innerhalb der in \u00a7 1 Nummer 1 genannten \u00d6ffnungszeiten binnen 24 Stunden auf das im Preisrechner verbindlich abgegebene Angebot des Kunden einzugehen und dieses innerhalb der Frist zu best\u00e4tigen oder abzulehnen.<\/p><p>2. Der von der Auftragnehmerin genannte avisierte Fahrzeugtyp ist lediglich fiktiver Natur und als Grundlage f\u00fcr die Tarifberechnung zu verstehen. Die Ladefl\u00e4chenma\u00dfe des Fahrzeugtyps dr\u00fccken die maximal verf\u00fcgbare Fl\u00e4che in diesem Tarif aus. Anspruch besteht nur auf die Bef\u00f6rderung der tats\u00e4chlich gebuchten Packst\u00fccke.<\/p><p>3. Entsprechende Ladepapiere f\u00fcr die ordnungsgem\u00e4\u00dfe Durchf\u00fchrung des Transports sind vom Kunden ausreichend vor Durchf\u00fchrung des Transports, mindestens jedoch 24 Stunden, bei Transporten mit Grenz\u00fcbertritt und m\u00f6glicher Verzollung mindestens 48 Stunden vorher, zur Verf\u00fcgung zu stellen. Dies gilt ausdr\u00fccklich auch f\u00fcr notwendige Unterlagen zur Zollabfertigung. Auf die von der Auftragnehmerin im Internet zur Verf\u00fcgung gestellten Formulare wird verwiesen.<\/p><p>4. Mehrkosten aufgrund fehlender f\u00fcr die Transportdurchf\u00fchrung ben\u00f6tigter Dokumente und Angaben hat der Kunde zu tragen. Dazu geh\u00f6ren auch Mehrkosten wegen von der Auftragnehmerin unverschuldeter m\u00f6glicher Verl\u00e4ngerungen der Transportzeiten.<\/p><p>5. Das Entgelt bestimmt sich nach den im Internet unter <a title=\"\" href=\"https:\/\/www.stex-gmbh.com\/de\/expressversand-kosten-preisrechner\/\" target=\"\" rel=\"\">www.stex-gmbh.com\/de\/expressversand-kosten-preisrechner\/<\/a> benannten Tarifen.<\/p><p>6. Setzt die Auftragnehmerin Dritte als Frachtf\u00fchrer ein, sichert er zu, dass alle gesetzlichen Vorgaben eingehalten werden, insbesondere die Einhaltung des Mindestlohngesetzes, im \u00dcbrigen wird auf \u00a7 1 Nr. 7 Bezug genommen.<\/p><p>7. Fixtermine oder Liefertermine am Folgetag bed\u00fcrfen ausdr\u00fccklicher Annahme durch die Auftragnehmerin und werden gesondert verg\u00fctet.<\/p><p>8. Die Annahme des Angebots erfolgt in Textform.<\/p><p>9. Eine Stornierung des Vertrages f\u00fchrt bei Stornierung bis 48 Stunden vor Durchf\u00fchrung zu 50 % der vereinbarten Frachtkosten, bei Stornierung ab 24 Stunden vorher zu 90 % der vereinbarten Fracht. \u00a7 415 HGB bleibt unber\u00fchrt.<\/p><p>10. Hat der Kunde eine \u201eTransportr\u00fccktrittsversicherung\u201c abgeschlossen verringern sich die in Absatz 9 genannten Stornogeb\u00fchren wie folgt: Stornierung mehr als 24 Stunden vor Durchf\u00fchrung zu 10 % der vereinbarten Frachtkosten, bei Stornierung ab 24 Stunden vorher zu 1\/3 der vereinbarten Fracht. \u00a7 415 HGB bleibt unber\u00fchrt. Fremdleistungen wie Verzollungen, Kosten f\u00fcr F\u00e4hren oder Mehrkosten wie Standgelder, die zum Zeitpunkt der Stornierung \/ Verschiebung schon erbracht oder begonnen wurden, werden in voller H\u00f6he berechnet.<\/p><p>11. Die Auftragnehmerin beh\u00e4lt sich das Recht vor, bei einer Ver\u00e4nderung der Dieselkraftstoffkosten gegen\u00fcber dem Basiswert von 1,456 \u20ac netto\/Liter einen Dieselzuschlag zu erheben bzw. eine entsprechende Preisminderung weiterzugeben.\u00a0<\/p><p><span style=\"font-weight: 400;\">Zur Ermittlung von Preis\u00e4nderungen werden die aktuellen Daten des Bundesverband G\u00fcterkraftverkehr Logistik und Entsorgung (BGL) e.V. (Dieselpreisinfo EU) herangezogen. Diese sind hier abrufbar: <\/span><a href=\"https:\/\/www.bgl-ev.de\/wp-content\/uploads\/simple-file-list\/Dieselpreisinformationen\/dieselpreisinfo-EU.pdf\" target=\"_blank\" rel=\"noopener\"><span style=\"font-weight: 400;\">https:\/\/www.bgl-ev.de\/wp-content\/uploads\/simple-file-list\/Dieselpreisinformationen\/dieselpreisinfo-EU.pdf<\/span><span style=\"font-weight: 400;\">\u00a0<\/span><\/a><\/p><p><span style=\"font-weight: 400;\">Eine Anpassung des Netto-Transportpreises erfolgt automatisch bei jeder Abweichung vom Basiswert. Dabei gilt: Pro 1 Cent (netto) Preis\u00e4nderung je Liter erh\u00f6ht bzw. erm\u00e4\u00dfigt sich der vereinbarte Frachtpreis um 0,2 %.\u00a0<\/span><\/p><p><span style=\"font-weight: 400;\">Die Anpassung erfolgt auf Basis des zum Zeitpunkt der Rechnungsstellung aktuellsten Durchschnittswertes. Der jeweilige Betrag wird als gesonderte Position (\u201eDiesel-Floater\u201c) auf der Rechnung ausgewiesen. Eine gesonderte Ank\u00fcndigung der Anpassung ist nicht erforderlich.\u00a0<\/span><\/p><p><span style=\"font-weight: 400;\">Die Auftragnehmerin ist berechtigt, nach eigenem Ermessen auf die Erhebung eines Zuschlags ganz oder teilweise zu verzichten (z. B. bei geringf\u00fcgigen \u00dcberschreitungen). Ein Rechtsanspruch des Kunden auf einen solchen Verzicht besteht nicht.<\/span><\/p><h3>\u00a7 3 Erf\u00fcllung und Abwicklung des Auftrags<\/h3><p>1. Der Auftraggeber hat keinen Anspruch auf ein bestimmtes Fahrzeug, allerdings ein durch die Auftragnehmerin gew\u00e4hltes, f\u00fcr die Ladung geeignetes und ausreichend dimensioniertes Fahrzeug. Die Auswahl des fiktiven Transportfahrzeugs im Preisrechner dient nur der Anschauung und ist nicht verpflichtend. Der Auftragnehmerin obliegt die Entscheidung, ob die Ware durch ein entsprechend ausreichend dimensioniertes oder durch mehrere kleiner dimensionierte Fahrzeuge durchgef\u00fchrt werden, wobei, sofern beide Varianten m\u00f6glich sind, die kosteng\u00fcnstigere Variante gew\u00e4hlt wird.<\/p><p>2. Be- und Entladung sind nicht Teil des Frachtauftrages. Die bef\u00f6rderungssichere Verladung hat der Kunde zu gew\u00e4hrleisten, die betriebssichere Verladung die Auftragnehmerin oder ein von ihr beauftragter Frachtf\u00fchrer.<\/p><p>3. Entladen wird durch den Empf\u00e4nger, der insoweit Erf\u00fcllungsgehilfe des Kunden ist, mit der jeweiligen Folge der Haftung bei Besch\u00e4digung der zu entladenden Ware und\/oder des Fahrzeugs.<\/p><p>4. Gewichts- oder Volumen\u00e4nderungen m\u00fcssen schriftlich mindestens 24 Stunden vor Transportbeginn der Auftragnehmerin mitgeteilt werden. Die Auftragnehmerin hat das Recht zur K\u00fcndigung des Frachtauftrages, wenn die Fracht nicht mehr entsprechend der Vorgaben des Angebots durchgef\u00fchrt werden kann. Die Wahl zwischen K\u00fcndigung oder Durchf\u00fchrung des Auftrags, ggfs. mit anderem Transportfahrzeug, obliegt der Auftragnehmerin; einer Begr\u00fcndung bedarf es nicht. Schadensersatzanspr\u00fcche des Kunden sind diesbez\u00fcglich explizit ausgeschlossen. Im Falle der K\u00fcndigung nach Angabe der Gewichts- oder Volumen\u00e4nderungen weniger als 24 Stunden vor Durchf\u00fchrung des Transports hat die Auftragnehmerin einen Anspruch auf 50 % des Frachtpreises. Im Falle der Durchf\u00fchrung des Transportes erh\u00f6ht sich der Frachtpreis entsprechend um die angegebene Gewichts- oder Volumen\u00e4nderung.<\/p><p>5. Stellt sich heraus, dass entgegen den Angaben des Kunden durch die Fracht eine \u00dcberladung entsteht, besteht ebenso das Recht zur au\u00dferordentlichen K\u00fcndigung mit unter Nr. 3 Abs. 1 genannten Folgen. War dies nicht erkennbar und\/oder sieht sich die Auftragnehmerin einem Bu\u00dfgeldverfahren ausgesetzt oder sonstigen beh\u00f6rdlichen und\/oder polizeilichen Verfahren, hat der Kunde die Auftragnehmerin von s\u00e4mtlichen Kosten, Bu\u00dfgeldern, Einziehungsbetr\u00e4gen gem. \u00a7 29a OWiG, auch Rechtsverfolgungskosten freizustellen. Ebenso hat er die Kosten einer eventuell notwendigen Umladung zu tragen.<\/p><p>6. Zufahrt zur Abholung und Zufahrt zum Empf\u00e4nger m\u00fcssen f\u00fcr LKWs mit Standardma\u00dfen m\u00f6glich sein, ebenso was Be- und Entladung, insbesondere an Rampen in Tiefgaragen oder versetzten Anlieferstationen angeht. Sollte die Abholung, Zufahrt, Be- oder Entladung entgegen Satz 1 nicht m\u00f6glich sein, wird der Kunde zur Abhilfe aufgefordert oder zur Benennung eines geeigneten Be- und\/oder Entladeplatzes. S\u00e4mtliche dadurch bedingten weiteren Kosten, Standzeiten, Fahrkosten etc. gehen zu Lasten des Kunden und sind unverz\u00fcglich anzuweisen.<\/p><p>Sofern die Lade- und\/oder Entladezeit innerhalb eines Transportradius von maximal 150 Kilometer mehr als 1 Stunde und im \u00dcbrigen mehr als 2 Stunden betr\u00e4gt, wird f\u00fcr den Transport mit einem Caddy\/Transporter\/Planenbus 30,00 \u20ac pro angefangene Stunde, bei LKW sowie Thermofahrzeuge 60,00 \u20ac pro angefangene Stunde als Standgeld berechnet.<\/p><p>Ergeht keine geeignete Weisung binnen 3 Stunden, hat die Auftragnehmerin das Recht zur au\u00dferordentlichen K\u00fcndigung mit der Ma\u00dfgabe neben der Fracht weiteren Schadensersatz f\u00fcr die Kosten der R\u00fcckfracht und eventuell notwendiger Einlagerung zu fordern. Holt der Kunde die Ware nicht binnen 3 Tagen ab, darf die Auftragnehmerin die Ware versteigern oder aber auf Kosten des Kunden entsorgen. Ein Versteigerungserl\u00f6s wird nach Abzug aller Aufwendungen an den Kunden ausgekehrt.<\/p><p>7. Der Kunde sichert zu, dass f\u00fcr den Zeitraum des Transports eine verantwortliche Person zu Verf\u00fcgung steht und, sofern diese nicht \u00fcber die Kontaktdaten der Firma erreicht wird, eine Kontaktm\u00f6glichkeit dieser Person angegeben wird.<\/p><p>Fahrzeugbezogene Mindestpreise k\u00f6nnen durch Eingabe eines Vouchers nicht unterschritten werden. Voucher greifen ausschlie\u00dflich auf die Hauptleistung (Transportpreis) inklusive der fahrzeugbezogenen Upgrades. Etwaige sonstige Kosten wie Standgeld, Stornogeb\u00fchren etc. oder Fremdkosten wie Kosten f\u00fcr Versicherung, CO\u2082 Kompensationen, H\u00f6herversicherung, Verzollung, Kosten f\u00fcr F\u00e4hren und Tunnel etc.bleiben davon unber\u00fchrt.<\/p><h3>\u00a7 4 Zahlung und vertragserf\u00fcllende Ablieferung<\/h3><p>1. Die Bezahlung erfolgt per Vorkasse oder auf Rechnung, wobei die Entscheidung der Auftragnehmerin obliegt und keiner Begr\u00fcndung bedarf.<br \/>Nicht geplante Staatsabgaben, wie Z\u00f6lle oder Steuern bei der Verzollung, tr\u00e4gt der Kunde und kann diesem als Vorkasse berechnet werden. F\u00fcr eine dadurch verz\u00f6gerte Lieferung kann die Auftragnehmerin nicht haftbar gemacht werden, sofern diese die Kosten direkt weiterberechnet.<\/p><p>Arbeitet die Auftragnehmerin nur nach Vorkasse, so gelten vereinbarte Fixtermine nur dann als vereinbart, wenn die Zahlung rechtzeitig, mindestens 24 Stunden, bei grenz\u00fcberschreitenden Fahrten mit der Gefahr der Verzollung mindestens 48 Stunden vor Abholung, erfolgt. Bei sp\u00e4terer Zahlung kann eine rechtzeitige Lieferung nicht mehr garantiert werden. Dies gilt auch ausdr\u00fccklich f\u00fcr Kosten im Rahmen der Verzollung.<\/p><p>2. Die Zustellung an den auf der Sendung angegebenen Adressaten erfolgt durch \u00dcbergabe gegen Unterschrift des Empf\u00e4ngers. Der Kunde ist damit einverstanden, dass die \u00dcbergabe auch an eine andere Person erfolgen darf, von der den Umst\u00e4nden nach angenommen werden kann, dass sie zur Annahme der Sendung berechtigt ist. Personen dieser Art sind entweder in den R\u00e4umen des Empf\u00e4ngers anwesende Mitglieder und Angestellte des Haushalts, ein durch schriftliche Vollmacht des Empf\u00e4ngers zur Entgegennahme berechtigte Dritte sowie unmittelbare Nachbarn des Adressaten, ausgenommen unternehmerische Kunden. Hier ist die Benennung eines ausdr\u00fccklich Empfangsberechtigten erforderlich, ansonsten erfolgt R\u00fcckf\u00fchrung an den Absender mit Folgen nach \u00a7 3 Ziff. 7. Wird eine Nachbarschaftsabgabe durchgef\u00fchrt, erh\u00e4lt der Kunde die Benachrichtigungsmail mit einem qualifizierten Hinweis zu Zeit und Ort der \u00dcbergabe.<\/p><p>3. Wird die Sendung vom Kunden mit Lade- und\/oder Ladehilfsmitteln \u00fcbergeben, besteht keine R\u00fcckf\u00fchrungspflicht, es sei denn, eine solche wird gesondert vereinbart mit einer sowohl f\u00fcr die \u00dcbernahme des Tauschrisikos als auch f\u00fcr den R\u00fccktransport gesonderten Verg\u00fctung. \u00a7 812 BGB findet keine Anwendung.<\/p><p>4. Die Firma STEX GmbH ist berechtigt, Forderungen gegen in Deutschland und L\u00e4ndern der EU sitzende Besteller zur Refinanzierung an die abcfinance GmbH, Kamekestr. 2-8, 50672 K\u00f6ln, abzutreten. Dem K\u00e4ufer wird bei Vertragsabschluss mitgeteilt, ob eine Abtretung der Forderung erfolgt. In diesen F\u00e4llen k\u00f6nnen Zahlungen mit schuldbefreiender Wirkung nur an die abcfinance GmbH erfolgen. Deren Bankverbindung wird dem K\u00e4ufer bei Vertragsabschluss mitgeteilt.<\/p><h3>\u00a7 5 Abtretung, Zur\u00fcckbehaltung und Aufrechnung<\/h3><p>Anspr\u00fcche des Kunden gegen\u00fcber der Auftragnehmerin d\u00fcrfen nur nach ausdr\u00fccklicher vorheriger schriftlicher Genehmigung an Dritte abgetreten werden. Die Genehmigung erfolgt jeweils f\u00fcr den Einzelfall.<\/p><p>Eine Aufrechnung oder Zur\u00fcckbehaltung gegen\u00fcber Frachtforderungen oder damit zusammenh\u00e4ngenden au\u00dfervertraglichen Anspr\u00fcchen der Auftragnehmerin ist nur mit unstreitigen, f\u00e4lligen und\/oder gerichtlich rechtskr\u00e4ftig festgestellten Forderungen zul\u00e4ssig.<\/p><p>Der Kunde tritt etwaige Ersatzanspr\u00fcche bei Transport- und\/oder Fahrzeugsch\u00e4den am eingesetzten an die Auftragnehmerin ab. Die Auftragnehmerin nimmt die Abtretung an.<\/p><h3>\u00a7 6 Besondere Klauseln f\u00fcr Umzugsgut<\/h3><p>1. Es gelten die Vorgaben dieser AGB entsprechend, soweit nachfolgend nicht explizit anders geregelt.<\/p><p>2. Die bef\u00f6rderungssichere Ladungssicherung des Umzugsguts sowie die Be- oder Entladung wird ausschlie\u00dflich vom Kunden \u00fcbernommen. Die betriebssichere Verladung erfolgt durch die Auftragnehmerin. Die Haftung der Auftragnehmerin f\u00fcr s\u00e4mtliche Sch\u00e4den w\u00e4hrend des Transports ist ausgeschlossen, au\u00dfer bei Vorsatz oder grober Fahrl\u00e4ssigkeit, ebenso bei Mitnahme des Kunden und\/oder von ihm benannter Beteiligter des Umzugs. Ein Anspruch auf Mitnahme besteht nicht. Die f\u00fcr diese abzuschlie\u00dfende Insassenversicherung wird dem Kunden in Rechnung gestellt.<\/p><p>3.Eine spezielle Versicherung f\u00fcr Umzugsgut wird angeboten und empfohlen.<\/p><p>4. Die im Preis inbegriffene Wartezeit f\u00fcr Be- und Entladung wird auf maximal 3 Stunden begrenzt. Dar\u00fcber hinausgehende Wartezeiten werden f\u00fcr Fahrzeuge des Modells Bully\/Kastenwagen und des Modells kleiner LKW mit 30,00 \u20ac pro angefangene Stunde und f\u00fcr das Modell gro\u00dfer LKW mit 60,00 \u20ac pro angefangene Stunde berechnet.<\/p><h3>\u00a7 7 Schlussbestimmungen, Rechtswahl und Gerichtsstand<\/h3><p>1. Soweit nicht anders bestimmt, gelten die Regelungen der Allgemeinen Deutschen Spediteurbedingungen (aktuelle ADSp 2017) und, soweit nicht anders geregelt, die allgemeinen Deutschen Gesetze, einschlie\u00dflich der Regeln des Handelsgesetzbuchs in der aktuellen Fassung.<\/p><p>2. Es gilt deutsches Recht, das internationale Handelsrecht ist ausgeschlossen.<\/p><p>3. Gerichtsstand ist Straubing.<\/p><p>4. Sollte eine Bestimmung dieses Vertrages unwirksam sein oder werden, nichtig sein oder nichtig werden, so wird die Wirksamkeit der \u00fcbrigen Bestimmungen davon nicht ber\u00fchrt.<\/p><p>Anstelle der unwirksamen\/nichtigen Bestimmung werden die Parteien eine solche Bestimmung treffen, die dem mit der unwirksamen\/nichtigen Bestimmung beabsichtigten Zweck am n\u00e4chsten kommt. Dies gilt auch f\u00fcr die Ausf\u00fcllung eventueller Vertragsl\u00fccken.<\/p>\t\t\t\t\t\t\t\t<\/div>\n\t\t\t\t\t<\/div>\n\t\t\t\t<\/div>\n\t\t\t\t<\/div>","protected":false},"excerpt":{"rendered":"<p>Allgemeine Gesch\u00e4ftsbedingungen (AGB) Allgemeine Gesch\u00e4ftsbedingungen zwischen STEX GmbH, nachfolgend Auftragnehmerin und Auftraggeber, nachfolgend Kunde Pr\u00e4ambel Die Vertragsparteien legen folgende allgemeine Gesch\u00e4ftsbedingungen ihrer vertraglichen Vereinbarung auf \u00dcbernahme von Waren und Versendung auf Gehei\u00df des Kunden zugrunde, wobei Kunde Verbraucher oder Unternehmer sein k\u00f6nnen. Bei Verbraucher erfolgt die Auftragsbest\u00e4tigung unter zus\u00e4tzlicher gesonderter Best\u00e4tigung, diese Allgemeinen Gesch\u00e4ftsbedingungen anzuerkennen. [&hellip;]<\/p>\n","protected":false},"author":1,"featured_media":1663,"parent":0,"menu_order":0,"comment_status":"closed","ping_status":"closed","template":"elementor_header_footer","meta":{"inline_featured_image":false,"footnotes":""},"categories":[],"tags":[],"class_list":["post-3177","page","type-page","status-publish","has-post-thumbnail","hentry"],"_links":{"self":[{"href":"https:\/\/www.stex-gmbh.com\/de\/wp-json\/wp\/v2\/pages\/3177","targetHints":{"allow":["GET"]}}],"collection":[{"href":"https:\/\/www.stex-gmbh.com\/de\/wp-json\/wp\/v2\/pages"}],"about":[{"href":"https:\/\/www.stex-gmbh.com\/de\/wp-json\/wp\/v2\/types\/page"}],"author":[{"embeddable":true,"href":"https:\/\/www.stex-gmbh.com\/de\/wp-json\/wp\/v2\/users\/1"}],"replies":[{"embeddable":true,"href":"https:\/\/www.stex-gmbh.com\/de\/wp-json\/wp\/v2\/comments?post=3177"}],"version-history":[{"count":12,"href":"https:\/\/www.stex-gmbh.com\/de\/wp-json\/wp\/v2\/pages\/3177\/revisions"}],"predecessor-version":[{"id":28183,"href":"https:\/\/www.stex-gmbh.com\/de\/wp-json\/wp\/v2\/pages\/3177\/revisions\/28183"}],"wp:featuredmedia":[{"embeddable":true,"href":"https:\/\/www.stex-gmbh.com\/de\/wp-json\/wp\/v2\/media\/1663"}],"wp:attachment":[{"href":"https:\/\/www.stex-gmbh.com\/de\/wp-json\/wp\/v2\/media?parent=3177"}],"wp:term":[{"taxonomy":"category","embeddable":true,"href":"https:\/\/www.stex-gmbh.com\/de\/wp-json\/wp\/v2\/categories?post=3177"},{"taxonomy":"post_tag","embeddable":true,"href":"https:\/\/www.stex-gmbh.com\/de\/wp-json\/wp\/v2\/tags?post=3177"}],"curies":[{"name":"wp","href":"https:\/\/api.w.org\/{rel}","templated":true}]}}